{"id":71,"date":"2025-08-20T10:01:23","date_gmt":"2025-08-20T10:01:23","guid":{"rendered":"https:\/\/template.themewold.com\/WordPress\/CMS\/Demo34\/?post_type=product&#038;p=71"},"modified":"2026-01-29T13:02:12","modified_gmt":"2026-01-29T13:02:12","slug":"titan-vape-mod","status":"publish","type":"product","link":"https:\/\/vapeopremium.com\/index.php\/producto\/titan-vape-mod\/","title":{"rendered":"IPLAY NOVA"},"content":{"rendered":"<div style=\"margin: auto; text-align: justify; width: 735px; font-size: 1.1rem;\">\nEl IPLAY NOVA 45K combina de forma innovadora la tecnolog\u00eda y la comodidad.<br \/>\nEste vaper desechable con pantalla completa redefine la experiencia de vapeo con un dise\u00f1o minimalista. Cuenta con una variedad de colores y sabores de moda para elegir, junto con animaciones de alta definici\u00f3n, satisfaciendo as\u00ed las necesidades de individualidad y gusto.<\/div>\n<div><\/div>\n<p><img fetchpriority=\"high\" decoding=\"async\" class=\"size-large wp-image-5244 aligncenter\" src=\"https:\/\/vapeopremium.com\/wp-content\/uploads\/2025\/08\/9-1024x587.jpg\" alt=\"\" width=\"1024\" height=\"587\" srcset=\"https:\/\/vapeopremium.com\/wp-content\/uploads\/2025\/08\/9-1024x587.jpg 1024w, https:\/\/vapeopremium.com\/wp-content\/uploads\/2025\/08\/9-300x172.jpg 300w, https:\/\/vapeopremium.com\/wp-content\/uploads\/2025\/08\/9-768x440.jpg 768w, https:\/\/vapeopremium.com\/wp-content\/uploads\/2025\/08\/9-1536x880.jpg 1536w, https:\/\/vapeopremium.com\/wp-content\/uploads\/2025\/08\/9-1320x756.jpg 1320w, https:\/\/vapeopremium.com\/wp-content\/uploads\/2025\/08\/9.jpg 1920w\" sizes=\"(max-width: 1024px) 100vw, 1024px\" \/><\/p>\n<div style=\"margin: auto; text-align: justify; width: 735px; font-size: 1.1rem;\">Modo NORM (Normal):<br \/>\nSalida suave, sabor delicado y duradero, potencia equilibrada. Restaura el verdadero nivel de sabor del e-l\u00edquido.<br \/>\nModo TURBO:<br \/>\nSalida de potencia m\u00e1xima, estimula al instante una nube explosiva. Ofrece un golpe de garganta fuerte, ideal para vapeadores veteranos que buscan una experiencia intensa.<\/div>\n<div><\/div>\n<p><img decoding=\"async\" class=\"size-large wp-image-5252 aligncenter\" src=\"https:\/\/vapeopremium.com\/wp-content\/uploads\/2025\/08\/22-1024x587.jpg\" alt=\"\" width=\"1024\" height=\"587\" srcset=\"https:\/\/vapeopremium.com\/wp-content\/uploads\/2025\/08\/22-1024x587.jpg 1024w, https:\/\/vapeopremium.com\/wp-content\/uploads\/2025\/08\/22-300x172.jpg 300w, https:\/\/vapeopremium.com\/wp-content\/uploads\/2025\/08\/22-768x440.jpg 768w, https:\/\/vapeopremium.com\/wp-content\/uploads\/2025\/08\/22-1536x880.jpg 1536w, https:\/\/vapeopremium.com\/wp-content\/uploads\/2025\/08\/22-1320x756.jpg 1320w, https:\/\/vapeopremium.com\/wp-content\/uploads\/2025\/08\/22.jpg 1920w\" sizes=\"(max-width: 1024px) 100vw, 1024px\" \/><\/p>\n<div style=\"margin: auto; text-align: justify; width: 735px; font-size: 1.1rem;\">Estructura de calentamiento de doble malla tejida tridimensional; la velocidad de penetraci\u00f3n del e-l\u00edquido aumenta en un 60%.<\/div>\n<p>&nbsp;<\/p>\n<p><img decoding=\"async\" class=\"size-large wp-image-5246 aligncenter\" src=\"https:\/\/vapeopremium.com\/wp-content\/uploads\/2025\/08\/11-1024x587.jpg\" alt=\"\" width=\"1024\" height=\"587\" srcset=\"https:\/\/vapeopremium.com\/wp-content\/uploads\/2025\/08\/11-1024x587.jpg 1024w, https:\/\/vapeopremium.com\/wp-content\/uploads\/2025\/08\/11-300x172.jpg 300w, https:\/\/vapeopremium.com\/wp-content\/uploads\/2025\/08\/11-768x440.jpg 768w, https:\/\/vapeopremium.com\/wp-content\/uploads\/2025\/08\/11-1536x880.jpg 1536w, https:\/\/vapeopremium.com\/wp-content\/uploads\/2025\/08\/11-1320x756.jpg 1320w, https:\/\/vapeopremium.com\/wp-content\/uploads\/2025\/08\/11.jpg 1920w\" sizes=\"(max-width: 1024px) 100vw, 1024px\" \/><\/p>\n<div style=\"margin: auto; text-align: justify; width: 735px; font-size: 1.1rem;\">Cuenta con una capacidad de e-l\u00edquido de 24 ml y una bater\u00eda interna de 850 mAh, lo que le permite durar hasta unas ultralargas 45.000 caladas de vapeo.<\/div>\n<div><\/div>\n<p><img loading=\"lazy\" decoding=\"async\" class=\"size-large wp-image-5247 aligncenter\" src=\"https:\/\/vapeopremium.com\/wp-content\/uploads\/2025\/08\/12-1024x587.jpg\" alt=\"\" width=\"1024\" height=\"587\" srcset=\"https:\/\/vapeopremium.com\/wp-content\/uploads\/2025\/08\/12-1024x587.jpg 1024w, https:\/\/vapeopremium.com\/wp-content\/uploads\/2025\/08\/12-300x172.jpg 300w, https:\/\/vapeopremium.com\/wp-content\/uploads\/2025\/08\/12-768x440.jpg 768w, https:\/\/vapeopremium.com\/wp-content\/uploads\/2025\/08\/12-1536x880.jpg 1536w, https:\/\/vapeopremium.com\/wp-content\/uploads\/2025\/08\/12-1320x756.jpg 1320w, https:\/\/vapeopremium.com\/wp-content\/uploads\/2025\/08\/12.jpg 1920w\" sizes=\"(max-width: 1024px) 100vw, 1024px\" \/><\/p>\n<p><img loading=\"lazy\" decoding=\"async\" class=\"size-large wp-image-5248 aligncenter\" src=\"https:\/\/vapeopremium.com\/wp-content\/uploads\/2025\/08\/13-1024x587.jpg\" alt=\"\" width=\"1024\" height=\"587\" srcset=\"https:\/\/vapeopremium.com\/wp-content\/uploads\/2025\/08\/13-1024x587.jpg 1024w, https:\/\/vapeopremium.com\/wp-content\/uploads\/2025\/08\/13-300x172.jpg 300w, https:\/\/vapeopremium.com\/wp-content\/uploads\/2025\/08\/13-768x440.jpg 768w, https:\/\/vapeopremium.com\/wp-content\/uploads\/2025\/08\/13-1536x880.jpg 1536w, https:\/\/vapeopremium.com\/wp-content\/uploads\/2025\/08\/13-1320x756.jpg 1320w, https:\/\/vapeopremium.com\/wp-content\/uploads\/2025\/08\/13.jpg 1920w\" sizes=\"(max-width: 1024px) 100vw, 1024px\" \/><img loading=\"lazy\" decoding=\"async\" class=\"size-large wp-image-5249 aligncenter\" src=\"https:\/\/vapeopremium.com\/wp-content\/uploads\/2025\/08\/14-1024x587.jpg\" alt=\"\" width=\"1024\" height=\"587\" srcset=\"https:\/\/vapeopremium.com\/wp-content\/uploads\/2025\/08\/14-1024x587.jpg 1024w, https:\/\/vapeopremium.com\/wp-content\/uploads\/2025\/08\/14-300x172.jpg 300w, https:\/\/vapeopremium.com\/wp-content\/uploads\/2025\/08\/14-768x440.jpg 768w, https:\/\/vapeopremium.com\/wp-content\/uploads\/2025\/08\/14-1536x880.jpg 1536w, https:\/\/vapeopremium.com\/wp-content\/uploads\/2025\/08\/14-1320x756.jpg 1320w, https:\/\/vapeopremium.com\/wp-content\/uploads\/2025\/08\/14.jpg 1920w\" sizes=\"(max-width: 1024px) 100vw, 1024px\" \/><img loading=\"lazy\" decoding=\"async\" class=\"size-large wp-image-5250 aligncenter\" src=\"https:\/\/vapeopremium.com\/wp-content\/uploads\/2025\/08\/15-1-1024x587.jpg\" alt=\"\" width=\"1024\" height=\"587\" srcset=\"https:\/\/vapeopremium.com\/wp-content\/uploads\/2025\/08\/15-1-1024x587.jpg 1024w, https:\/\/vapeopremium.com\/wp-content\/uploads\/2025\/08\/15-1-300x172.jpg 300w, https:\/\/vapeopremium.com\/wp-content\/uploads\/2025\/08\/15-1-768x440.jpg 768w, https:\/\/vapeopremium.com\/wp-content\/uploads\/2025\/08\/15-1-1536x880.jpg 1536w, https:\/\/vapeopremium.com\/wp-content\/uploads\/2025\/08\/15-1-1320x756.jpg 1320w, https:\/\/vapeopremium.com\/wp-content\/uploads\/2025\/08\/15-1.jpg 1920w\" sizes=\"(max-width: 1024px) 100vw, 1024px\" \/><\/p>\n","protected":false},"excerpt":{"rendered":"<h2>\u00a0Vaper Desechable IPLAY NOVA 45K<\/h2>\n<p>El IPLAY NOVA 45K combina de forma innovadora la tecnolog\u00eda y la comodidad. Este vaper desechable con pantalla completa redefine la experiencia de vapeo con un dise\u00f1o minimalista. El cuerpo del dispositivo est\u00e1 equipado con una pantalla de alta definici\u00f3n que muestra el nivel de la bater\u00eda, el nivel de e-l\u00edquido y el ajuste de modo en tiempo real. Equipado con una Bobina de Malla Dual de <span aria-hidden=\"true\">0.5\u03a9<\/span>, asegura un sabor intenso y una producci\u00f3n de vapor suave. El NOVA 45K incluye 24 ml de e-l\u00edquido precargado para satisfacer las necesidades de uso a largo plazo; con una bater\u00eda de gran capacidad de 850 mAh, proporciona una potencia de salida estable y una bater\u00eda de larga duraci\u00f3n, manteniendo un gusto intenso y un vapeo pleno de principio a fin. El bot\u00f3n inferior permite el cambio libre entre los modos NORM y TURBO, ofreciendo una experiencia de vapeo diferente.<\/p>\n<p>&nbsp;<\/p>\n<p>&nbsp;<\/p>\n","protected":false},"featured_media":5236,"template":"","meta":{"_loi_post_transparent":"default","_loi_post_title":"","_loi_post_layout":"default","_loi_post_sidebar_id":"","_loi_post_content_style":"default","_loi_post_vertical_padding":"default","_loi_post_feature":"","_loi_post_feature_position":"","_loi_post_header":false,"_loi_post_footer":false},"product_brand":[],"product_cat":[33],"product_tag":[],"class_list":{"0":"post-71","1":"product","2":"type-product","3":"status-publish","4":"has-post-thumbnail","6":"product_cat-uncategorized","8":"first","9":"instock","10":"shipping-taxable","11":"purchasable","12":"product-type-variable","13":"entry","14":"content-bg","15":"loop-entry"},"supplier_id":null,"supplier_sku":"","barcode":null,"atum_controlled":true,"out_stock_date":null,"out_stock_threshold":null,"inheritable":false,"inbound_stock":0,"stock_on_hold":0,"sold_today":0,"sales_last_days":0,"reserved_stock":0,"customer_returns":0,"warehouse_damage":0,"lost_in_post":0,"other_logs":0,"out_stock_days":0,"lost_sales":0,"has_location":false,"update_date":"2026-04-17T01:26:52","atum_locations":[],"atum_stock_status":"instock","restock_status":false,"low_stock_amount":"","sales_update_date":"2026-04-17T01:26:52","calc_backorders":null,"yoast_head":"<!-- This site is optimized with the Yoast SEO plugin v26.0 - https:\/\/yoast.com\/wordpress\/plugins\/seo\/ -->\n<title>IPLAY NOVA - VapeoPremium<\/title>\n<meta name=\"robots\" content=\"index, follow, max-snippet:-1, max-image-preview:large, max-video-preview:-1\" \/>\n<link rel=\"canonical\" href=\"https:\/\/vapeopremium.com\/index.php\/producto\/titan-vape-mod\/\" \/>\n<meta property=\"og:locale\" content=\"es_ES\" \/>\n<meta property=\"og:type\" content=\"article\" \/>\n<meta property=\"og:title\" content=\"IPLAY NOVA - VapeoPremium\" \/>\n<meta property=\"og:description\" content=\"\u00a0Vaper Desechable IPLAY NOVA 45K El IPLAY NOVA 45K combina de forma innovadora la tecnolog\u00eda y la comodidad. Este vaper desechable con pantalla completa redefine la experiencia de vapeo con un dise\u00f1o minimalista. El cuerpo del dispositivo est\u00e1 equipado con una pantalla de alta definici\u00f3n que muestra el nivel de la bater\u00eda, el nivel de e-l\u00edquido y el ajuste de modo en tiempo real. Equipado con una Bobina de Malla Dual de 0.5\u03a9, asegura un sabor intenso y una producci\u00f3n de vapor suave. El NOVA 45K incluye 24 ml de e-l\u00edquido precargado para satisfacer las necesidades de uso a largo plazo; con una bater\u00eda de gran capacidad de 850 mAh, proporciona una potencia de salida estable y una bater\u00eda de larga duraci\u00f3n, manteniendo un gusto intenso y un vapeo pleno de principio a fin. El bot\u00f3n inferior permite el cambio libre entre los modos NORM y TURBO, ofreciendo una experiencia de vapeo diferente.  &nbsp;  &nbsp;\" \/>\n<meta property=\"og:url\" content=\"https:\/\/vapeopremium.com\/index.php\/producto\/titan-vape-mod\/\" \/>\n<meta property=\"og:site_name\" content=\"VapeoPremium\" \/>\n<meta property=\"article:modified_time\" content=\"2026-01-29T13:02:12+00:00\" \/>\n<meta property=\"og:image\" content=\"https:\/\/vapeopremium.com\/wp-content\/uploads\/2025\/08\/1-scaled.jpg\" \/>\n\t<meta property=\"og:image:width\" content=\"2560\" \/>\n\t<meta property=\"og:image:height\" content=\"2560\" \/>\n\t<meta property=\"og:image:type\" content=\"image\/jpeg\" \/>\n<meta name=\"twitter:card\" content=\"summary_large_image\" \/>\n<meta name=\"twitter:label1\" content=\"Tiempo de lectura\" \/>\n\t<meta name=\"twitter:data1\" content=\"3 minutos\" \/>\n<script type=\"application\/ld+json\" class=\"yoast-schema-graph\">{\"@context\":\"https:\/\/schema.org\",\"@graph\":[{\"@type\":\"WebPage\",\"@id\":\"https:\/\/vapeopremium.com\/index.php\/producto\/titan-vape-mod\/\",\"url\":\"https:\/\/vapeopremium.com\/index.php\/producto\/titan-vape-mod\/\",\"name\":\"IPLAY NOVA - VapeoPremium\",\"isPartOf\":{\"@id\":\"https:\/\/vapeopremium.com\/#website\"},\"primaryImageOfPage\":{\"@id\":\"https:\/\/vapeopremium.com\/index.php\/producto\/titan-vape-mod\/#primaryimage\"},\"image\":{\"@id\":\"https:\/\/vapeopremium.com\/index.php\/producto\/titan-vape-mod\/#primaryimage\"},\"thumbnailUrl\":\"https:\/\/vapeopremium.com\/wp-content\/uploads\/2025\/08\/1-scaled.jpg\",\"datePublished\":\"2025-08-20T10:01:23+00:00\",\"dateModified\":\"2026-01-29T13:02:12+00:00\",\"breadcrumb\":{\"@id\":\"https:\/\/vapeopremium.com\/index.php\/producto\/titan-vape-mod\/#breadcrumb\"},\"inLanguage\":\"es\",\"potentialAction\":[{\"@type\":\"ReadAction\",\"target\":[\"https:\/\/vapeopremium.com\/index.php\/producto\/titan-vape-mod\/\"]}]},{\"@type\":\"ImageObject\",\"inLanguage\":\"es\",\"@id\":\"https:\/\/vapeopremium.com\/index.php\/producto\/titan-vape-mod\/#primaryimage\",\"url\":\"https:\/\/vapeopremium.com\/wp-content\/uploads\/2025\/08\/1-scaled.jpg\",\"contentUrl\":\"https:\/\/vapeopremium.com\/wp-content\/uploads\/2025\/08\/1-scaled.jpg\",\"width\":2560,\"height\":2560},{\"@type\":\"BreadcrumbList\",\"@id\":\"https:\/\/vapeopremium.com\/index.php\/producto\/titan-vape-mod\/#breadcrumb\",\"itemListElement\":[{\"@type\":\"ListItem\",\"position\":1,\"name\":\"Portada\",\"item\":\"https:\/\/vapeopremium.com\/\"},{\"@type\":\"ListItem\",\"position\":2,\"name\":\"Tienda\",\"item\":\"https:\/\/vapeopremium.com\/index.php\/shop\/\"},{\"@type\":\"ListItem\",\"position\":3,\"name\":\"IPLAY NOVA\"}]},{\"@type\":\"WebSite\",\"@id\":\"https:\/\/vapeopremium.com\/#website\",\"url\":\"https:\/\/vapeopremium.com\/\",\"name\":\"VapeoPremium\",\"description\":\"\",\"publisher\":{\"@id\":\"https:\/\/vapeopremium.com\/#organization\"},\"potentialAction\":[{\"@type\":\"SearchAction\",\"target\":{\"@type\":\"EntryPoint\",\"urlTemplate\":\"https:\/\/vapeopremium.com\/?s={search_term_string}\"},\"query-input\":{\"@type\":\"PropertyValueSpecification\",\"valueRequired\":true,\"valueName\":\"search_term_string\"}}],\"inLanguage\":\"es\"},{\"@type\":\"Organization\",\"@id\":\"https:\/\/vapeopremium.com\/#organization\",\"name\":\"VapeoPremium\",\"url\":\"https:\/\/vapeopremium.com\/\",\"logo\":{\"@type\":\"ImageObject\",\"inLanguage\":\"es\",\"@id\":\"https:\/\/vapeopremium.com\/#\/schema\/logo\/image\/\",\"url\":\"https:\/\/vapeopremium.com\/wp-content\/uploads\/2025\/09\/cropped-vapeopremiumT.png\",\"contentUrl\":\"https:\/\/vapeopremium.com\/wp-content\/uploads\/2025\/09\/cropped-vapeopremiumT.png\",\"width\":1046,\"height\":544,\"caption\":\"VapeoPremium\"},\"image\":{\"@id\":\"https:\/\/vapeopremium.com\/#\/schema\/logo\/image\/\"}}]}<\/script>\n<!-- \/ Yoast SEO plugin. -->","yoast_head_json":{"title":"IPLAY NOVA - VapeoPremium","robots":{"index":"index","follow":"follow","max-snippet":"max-snippet:-1","max-image-preview":"max-image-preview:large","max-video-preview":"max-video-preview:-1"},"canonical":"https:\/\/vapeopremium.com\/index.php\/producto\/titan-vape-mod\/","og_locale":"es_ES","og_type":"article","og_title":"IPLAY NOVA - VapeoPremium","og_description":"\u00a0Vaper Desechable IPLAY NOVA 45K El IPLAY NOVA 45K combina de forma innovadora la tecnolog\u00eda y la comodidad. Este vaper desechable con pantalla completa redefine la experiencia de vapeo con un dise\u00f1o minimalista. El cuerpo del dispositivo est\u00e1 equipado con una pantalla de alta definici\u00f3n que muestra el nivel de la bater\u00eda, el nivel de e-l\u00edquido y el ajuste de modo en tiempo real. Equipado con una Bobina de Malla Dual de 0.5\u03a9, asegura un sabor intenso y una producci\u00f3n de vapor suave. El NOVA 45K incluye 24 ml de e-l\u00edquido precargado para satisfacer las necesidades de uso a largo plazo; con una bater\u00eda de gran capacidad de 850 mAh, proporciona una potencia de salida estable y una bater\u00eda de larga duraci\u00f3n, manteniendo un gusto intenso y un vapeo pleno de principio a fin. El bot\u00f3n inferior permite el cambio libre entre los modos NORM y TURBO, ofreciendo una experiencia de vapeo diferente.  &nbsp;  &nbsp;","og_url":"https:\/\/vapeopremium.com\/index.php\/producto\/titan-vape-mod\/","og_site_name":"VapeoPremium","article_modified_time":"2026-01-29T13:02:12+00:00","og_image":[{"width":2560,"height":2560,"url":"https:\/\/vapeopremium.com\/wp-content\/uploads\/2025\/08\/1-scaled.jpg","type":"image\/jpeg"}],"twitter_card":"summary_large_image","twitter_misc":{"Tiempo de lectura":"3 minutos"},"schema":{"@context":"https:\/\/schema.org","@graph":[{"@type":"WebPage","@id":"https:\/\/vapeopremium.com\/index.php\/producto\/titan-vape-mod\/","url":"https:\/\/vapeopremium.com\/index.php\/producto\/titan-vape-mod\/","name":"IPLAY NOVA - VapeoPremium","isPartOf":{"@id":"https:\/\/vapeopremium.com\/#website"},"primaryImageOfPage":{"@id":"https:\/\/vapeopremium.com\/index.php\/producto\/titan-vape-mod\/#primaryimage"},"image":{"@id":"https:\/\/vapeopremium.com\/index.php\/producto\/titan-vape-mod\/#primaryimage"},"thumbnailUrl":"https:\/\/vapeopremium.com\/wp-content\/uploads\/2025\/08\/1-scaled.jpg","datePublished":"2025-08-20T10:01:23+00:00","dateModified":"2026-01-29T13:02:12+00:00","breadcrumb":{"@id":"https:\/\/vapeopremium.com\/index.php\/producto\/titan-vape-mod\/#breadcrumb"},"inLanguage":"es","potentialAction":[{"@type":"ReadAction","target":["https:\/\/vapeopremium.com\/index.php\/producto\/titan-vape-mod\/"]}]},{"@type":"ImageObject","inLanguage":"es","@id":"https:\/\/vapeopremium.com\/index.php\/producto\/titan-vape-mod\/#primaryimage","url":"https:\/\/vapeopremium.com\/wp-content\/uploads\/2025\/08\/1-scaled.jpg","contentUrl":"https:\/\/vapeopremium.com\/wp-content\/uploads\/2025\/08\/1-scaled.jpg","width":2560,"height":2560},{"@type":"BreadcrumbList","@id":"https:\/\/vapeopremium.com\/index.php\/producto\/titan-vape-mod\/#breadcrumb","itemListElement":[{"@type":"ListItem","position":1,"name":"Portada","item":"https:\/\/vapeopremium.com\/"},{"@type":"ListItem","position":2,"name":"Tienda","item":"https:\/\/vapeopremium.com\/index.php\/shop\/"},{"@type":"ListItem","position":3,"name":"IPLAY NOVA"}]},{"@type":"WebSite","@id":"https:\/\/vapeopremium.com\/#website","url":"https:\/\/vapeopremium.com\/","name":"VapeoPremium","description":"","publisher":{"@id":"https:\/\/vapeopremium.com\/#organization"},"potentialAction":[{"@type":"SearchAction","target":{"@type":"EntryPoint","urlTemplate":"https:\/\/vapeopremium.com\/?s={search_term_string}"},"query-input":{"@type":"PropertyValueSpecification","valueRequired":true,"valueName":"search_term_string"}}],"inLanguage":"es"},{"@type":"Organization","@id":"https:\/\/vapeopremium.com\/#organization","name":"VapeoPremium","url":"https:\/\/vapeopremium.com\/","logo":{"@type":"ImageObject","inLanguage":"es","@id":"https:\/\/vapeopremium.com\/#\/schema\/logo\/image\/","url":"https:\/\/vapeopremium.com\/wp-content\/uploads\/2025\/09\/cropped-vapeopremiumT.png","contentUrl":"https:\/\/vapeopremium.com\/wp-content\/uploads\/2025\/09\/cropped-vapeopremiumT.png","width":1046,"height":544,"caption":"VapeoPremium"},"image":{"@id":"https:\/\/vapeopremium.com\/#\/schema\/logo\/image\/"}}]}},"jetpack_sharing_enabled":true,"_links":{"self":[{"href":"https:\/\/vapeopremium.com\/index.php\/wp-json\/wp\/v2\/product\/71","targetHints":{"allow":["GET"]}}],"collection":[{"href":"https:\/\/vapeopremium.com\/index.php\/wp-json\/wp\/v2\/product"}],"about":[{"href":"https:\/\/vapeopremium.com\/index.php\/wp-json\/wp\/v2\/types\/product"}],"version-history":[{"count":5,"href":"https:\/\/vapeopremium.com\/index.php\/wp-json\/wp\/v2\/product\/71\/revisions"}],"predecessor-version":[{"id":5260,"href":"https:\/\/vapeopremium.com\/index.php\/wp-json\/wp\/v2\/product\/71\/revisions\/5260"}],"wp:featuredmedia":[{"embeddable":true,"href":"https:\/\/vapeopremium.com\/index.php\/wp-json\/wp\/v2\/media\/5236"}],"wp:attachment":[{"href":"https:\/\/vapeopremium.com\/index.php\/wp-json\/wp\/v2\/media?parent=71"}],"wp:term":[{"taxonomy":"product_brand","embeddable":true,"href":"https:\/\/vapeopremium.com\/index.php\/wp-json\/wp\/v2\/product_brand?post=71"},{"taxonomy":"product_cat","embeddable":true,"href":"https:\/\/vapeopremium.com\/index.php\/wp-json\/wp\/v2\/product_cat?post=71"},{"taxonomy":"product_tag","embeddable":true,"href":"https:\/\/vapeopremium.com\/index.php\/wp-json\/wp\/v2\/product_tag?post=71"}],"curies":[{"name":"wp","href":"https:\/\/api.w.org\/{rel}","templated":true}]}}