{"id":4429,"date":"2025-07-05T15:20:24","date_gmt":"2025-07-05T15:20:24","guid":{"rendered":"https:\/\/vapeopremium.com\/?post_type=product&#038;p=4429"},"modified":"2025-09-29T16:20:14","modified_gmt":"2025-09-29T16:20:14","slug":"iplay-ulix-6000","status":"publish","type":"product","link":"https:\/\/vapeopremium.com\/index.php\/producto\/iplay-ulix-6000\/","title":{"rendered":"IPLAY ULIX 6000"},"content":{"rendered":"<p align=\"justify\">Ad\u00e9ntrate en el mundo del lujo en las nubes con el ULIX 6000, la cumbre del dise\u00f1o y la funcionalidad de vanguardia. Este dispositivo cuenta con una bater\u00eda interna recargable de 500 mAh, que garantiza una experiencia de nube duradera, complementada adem\u00e1s por la comodidad de la carga r\u00e1pida Tipo C. Libera el potencial de un disfrute prolongado mientras te adentras en el mundo de las nubes duraderas.<\/p>\n<ul>\n<li><em>Tama\u00f1o:\u00a0<\/em>\u00a093*45,3*23,3 mm<\/li>\n<li><em>Capacidad:\u00a0<\/em>\u00a015 ml<\/li>\n<li><em>Bater\u00eda:\u00a0<\/em>\u00a0500 mAh<\/li>\n<li><em>Duraci\u00f3n:\u00a0<\/em>\u00a06000<\/li>\n<li><em>Densidad:\u00a0<\/em>\u00a05%<\/li>\n<li><em>Bobina:\u00a0<\/em>\u00a0Bobina de malla de 1,2 \u03a9<\/li>\n<li><em>Puerto de carga:\u00a0<\/em>\u00a0Tipo-C<\/li>\n<\/ul>\n","protected":false},"excerpt":{"rendered":"<p>Ad\u00e9ntrate en el mundo del lujo en las nubes con el ULIX 6000, la cumbre del dise\u00f1o y la funcionalidad de vanguardia. Este dispositivo cuenta con una bater\u00eda interna recargable de 500 mAh, que garantiza una experiencia de nube duradera, complementada adem\u00e1s por la comodidad de la carga r\u00e1pida Tipo C. Libera el potencial de&#8230;<\/p>\n","protected":false},"featured_media":4431,"template":"","meta":{"_loi_post_transparent":"default","_loi_post_title":"","_loi_post_layout":"default","_loi_post_sidebar_id":"","_loi_post_content_style":"default","_loi_post_vertical_padding":"default","_loi_post_feature":"","_loi_post_feature_position":"","_loi_post_header":false,"_loi_post_footer":false},"product_brand":[],"product_cat":[29],"product_tag":[],"class_list":{"0":"post-4429","1":"product","2":"type-product","3":"status-publish","4":"has-post-thumbnail","6":"product_cat-vapers-principiantes","8":"first","9":"outofstock","10":"shipping-taxable","11":"product-type-variable","12":"entry","13":"content-bg","14":"loop-entry"},"supplier_id":null,"supplier_sku":"","barcode":null,"atum_controlled":true,"out_stock_date":null,"out_stock_threshold":null,"inheritable":false,"inbound_stock":0,"stock_on_hold":0,"sold_today":0,"sales_last_days":0,"reserved_stock":0,"customer_returns":0,"warehouse_damage":0,"lost_in_post":0,"other_logs":0,"out_stock_days":0,"lost_sales":0,"has_location":false,"update_date":"2026-04-17T01:26:52","atum_locations":[],"atum_stock_status":"outofstock","restock_status":false,"low_stock_amount":"","sales_update_date":"2026-04-17T01:26:52","calc_backorders":null,"yoast_head":"<!-- This site is optimized with the Yoast SEO plugin v26.0 - https:\/\/yoast.com\/wordpress\/plugins\/seo\/ -->\n<title>IPLAY ULIX 6000 - VapeoPremium<\/title>\n<meta name=\"robots\" content=\"index, follow, max-snippet:-1, max-image-preview:large, max-video-preview:-1\" \/>\n<link rel=\"canonical\" href=\"https:\/\/vapeopremium.com\/index.php\/producto\/iplay-ulix-6000\/\" \/>\n<meta property=\"og:locale\" content=\"es_ES\" \/>\n<meta property=\"og:type\" content=\"article\" \/>\n<meta property=\"og:title\" content=\"IPLAY ULIX 6000 - VapeoPremium\" \/>\n<meta property=\"og:description\" content=\"Ad\u00e9ntrate en el mundo del lujo en las nubes con el ULIX 6000, la cumbre del dise\u00f1o y la funcionalidad de vanguardia. Este dispositivo cuenta con una bater\u00eda interna recargable de 500 mAh, que garantiza una experiencia de nube duradera, complementada adem\u00e1s por la comodidad de la carga r\u00e1pida Tipo C. Libera el potencial de...\" \/>\n<meta property=\"og:url\" content=\"https:\/\/vapeopremium.com\/index.php\/producto\/iplay-ulix-6000\/\" \/>\n<meta property=\"og:site_name\" content=\"VapeoPremium\" \/>\n<meta property=\"article:modified_time\" content=\"2025-09-29T16:20:14+00:00\" \/>\n<meta property=\"og:image\" content=\"https:\/\/vapeopremium.com\/wp-content\/uploads\/2025\/07\/IPLAY-ULIX-6000.webp\" \/>\n\t<meta property=\"og:image:width\" content=\"800\" \/>\n\t<meta property=\"og:image:height\" content=\"800\" \/>\n\t<meta property=\"og:image:type\" content=\"image\/webp\" \/>\n<meta name=\"twitter:card\" content=\"summary_large_image\" \/>\n<script type=\"application\/ld+json\" class=\"yoast-schema-graph\">{\"@context\":\"https:\/\/schema.org\",\"@graph\":[{\"@type\":\"WebPage\",\"@id\":\"https:\/\/vapeopremium.com\/index.php\/producto\/iplay-ulix-6000\/\",\"url\":\"https:\/\/vapeopremium.com\/index.php\/producto\/iplay-ulix-6000\/\",\"name\":\"IPLAY ULIX 6000 - VapeoPremium\",\"isPartOf\":{\"@id\":\"https:\/\/vapeopremium.com\/#website\"},\"primaryImageOfPage\":{\"@id\":\"https:\/\/vapeopremium.com\/index.php\/producto\/iplay-ulix-6000\/#primaryimage\"},\"image\":{\"@id\":\"https:\/\/vapeopremium.com\/index.php\/producto\/iplay-ulix-6000\/#primaryimage\"},\"thumbnailUrl\":\"https:\/\/vapeopremium.com\/wp-content\/uploads\/2025\/07\/IPLAY-ULIX-6000.webp\",\"datePublished\":\"2025-07-05T15:20:24+00:00\",\"dateModified\":\"2025-09-29T16:20:14+00:00\",\"breadcrumb\":{\"@id\":\"https:\/\/vapeopremium.com\/index.php\/producto\/iplay-ulix-6000\/#breadcrumb\"},\"inLanguage\":\"es\",\"potentialAction\":[{\"@type\":\"ReadAction\",\"target\":[\"https:\/\/vapeopremium.com\/index.php\/producto\/iplay-ulix-6000\/\"]}]},{\"@type\":\"ImageObject\",\"inLanguage\":\"es\",\"@id\":\"https:\/\/vapeopremium.com\/index.php\/producto\/iplay-ulix-6000\/#primaryimage\",\"url\":\"https:\/\/vapeopremium.com\/wp-content\/uploads\/2025\/07\/IPLAY-ULIX-6000.webp\",\"contentUrl\":\"https:\/\/vapeopremium.com\/wp-content\/uploads\/2025\/07\/IPLAY-ULIX-6000.webp\",\"width\":800,\"height\":800},{\"@type\":\"BreadcrumbList\",\"@id\":\"https:\/\/vapeopremium.com\/index.php\/producto\/iplay-ulix-6000\/#breadcrumb\",\"itemListElement\":[{\"@type\":\"ListItem\",\"position\":1,\"name\":\"Portada\",\"item\":\"https:\/\/vapeopremium.com\/\"},{\"@type\":\"ListItem\",\"position\":2,\"name\":\"Tienda\",\"item\":\"https:\/\/vapeopremium.com\/index.php\/shop\/\"},{\"@type\":\"ListItem\",\"position\":3,\"name\":\"IPLAY ULIX 6000\"}]},{\"@type\":\"WebSite\",\"@id\":\"https:\/\/vapeopremium.com\/#website\",\"url\":\"https:\/\/vapeopremium.com\/\",\"name\":\"VapeoPremium\",\"description\":\"\",\"publisher\":{\"@id\":\"https:\/\/vapeopremium.com\/#organization\"},\"potentialAction\":[{\"@type\":\"SearchAction\",\"target\":{\"@type\":\"EntryPoint\",\"urlTemplate\":\"https:\/\/vapeopremium.com\/?s={search_term_string}\"},\"query-input\":{\"@type\":\"PropertyValueSpecification\",\"valueRequired\":true,\"valueName\":\"search_term_string\"}}],\"inLanguage\":\"es\"},{\"@type\":\"Organization\",\"@id\":\"https:\/\/vapeopremium.com\/#organization\",\"name\":\"VapeoPremium\",\"url\":\"https:\/\/vapeopremium.com\/\",\"logo\":{\"@type\":\"ImageObject\",\"inLanguage\":\"es\",\"@id\":\"https:\/\/vapeopremium.com\/#\/schema\/logo\/image\/\",\"url\":\"https:\/\/vapeopremium.com\/wp-content\/uploads\/2025\/09\/cropped-vapeopremiumT.png\",\"contentUrl\":\"https:\/\/vapeopremium.com\/wp-content\/uploads\/2025\/09\/cropped-vapeopremiumT.png\",\"width\":1046,\"height\":544,\"caption\":\"VapeoPremium\"},\"image\":{\"@id\":\"https:\/\/vapeopremium.com\/#\/schema\/logo\/image\/\"}}]}<\/script>\n<!-- \/ Yoast SEO plugin. -->","yoast_head_json":{"title":"IPLAY ULIX 6000 - VapeoPremium","robots":{"index":"index","follow":"follow","max-snippet":"max-snippet:-1","max-image-preview":"max-image-preview:large","max-video-preview":"max-video-preview:-1"},"canonical":"https:\/\/vapeopremium.com\/index.php\/producto\/iplay-ulix-6000\/","og_locale":"es_ES","og_type":"article","og_title":"IPLAY ULIX 6000 - VapeoPremium","og_description":"Ad\u00e9ntrate en el mundo del lujo en las nubes con el ULIX 6000, la cumbre del dise\u00f1o y la funcionalidad de vanguardia. Este dispositivo cuenta con una bater\u00eda interna recargable de 500 mAh, que garantiza una experiencia de nube duradera, complementada adem\u00e1s por la comodidad de la carga r\u00e1pida Tipo C. Libera el potencial de...","og_url":"https:\/\/vapeopremium.com\/index.php\/producto\/iplay-ulix-6000\/","og_site_name":"VapeoPremium","article_modified_time":"2025-09-29T16:20:14+00:00","og_image":[{"width":800,"height":800,"url":"https:\/\/vapeopremium.com\/wp-content\/uploads\/2025\/07\/IPLAY-ULIX-6000.webp","type":"image\/webp"}],"twitter_card":"summary_large_image","schema":{"@context":"https:\/\/schema.org","@graph":[{"@type":"WebPage","@id":"https:\/\/vapeopremium.com\/index.php\/producto\/iplay-ulix-6000\/","url":"https:\/\/vapeopremium.com\/index.php\/producto\/iplay-ulix-6000\/","name":"IPLAY ULIX 6000 - VapeoPremium","isPartOf":{"@id":"https:\/\/vapeopremium.com\/#website"},"primaryImageOfPage":{"@id":"https:\/\/vapeopremium.com\/index.php\/producto\/iplay-ulix-6000\/#primaryimage"},"image":{"@id":"https:\/\/vapeopremium.com\/index.php\/producto\/iplay-ulix-6000\/#primaryimage"},"thumbnailUrl":"https:\/\/vapeopremium.com\/wp-content\/uploads\/2025\/07\/IPLAY-ULIX-6000.webp","datePublished":"2025-07-05T15:20:24+00:00","dateModified":"2025-09-29T16:20:14+00:00","breadcrumb":{"@id":"https:\/\/vapeopremium.com\/index.php\/producto\/iplay-ulix-6000\/#breadcrumb"},"inLanguage":"es","potentialAction":[{"@type":"ReadAction","target":["https:\/\/vapeopremium.com\/index.php\/producto\/iplay-ulix-6000\/"]}]},{"@type":"ImageObject","inLanguage":"es","@id":"https:\/\/vapeopremium.com\/index.php\/producto\/iplay-ulix-6000\/#primaryimage","url":"https:\/\/vapeopremium.com\/wp-content\/uploads\/2025\/07\/IPLAY-ULIX-6000.webp","contentUrl":"https:\/\/vapeopremium.com\/wp-content\/uploads\/2025\/07\/IPLAY-ULIX-6000.webp","width":800,"height":800},{"@type":"BreadcrumbList","@id":"https:\/\/vapeopremium.com\/index.php\/producto\/iplay-ulix-6000\/#breadcrumb","itemListElement":[{"@type":"ListItem","position":1,"name":"Portada","item":"https:\/\/vapeopremium.com\/"},{"@type":"ListItem","position":2,"name":"Tienda","item":"https:\/\/vapeopremium.com\/index.php\/shop\/"},{"@type":"ListItem","position":3,"name":"IPLAY ULIX 6000"}]},{"@type":"WebSite","@id":"https:\/\/vapeopremium.com\/#website","url":"https:\/\/vapeopremium.com\/","name":"VapeoPremium","description":"","publisher":{"@id":"https:\/\/vapeopremium.com\/#organization"},"potentialAction":[{"@type":"SearchAction","target":{"@type":"EntryPoint","urlTemplate":"https:\/\/vapeopremium.com\/?s={search_term_string}"},"query-input":{"@type":"PropertyValueSpecification","valueRequired":true,"valueName":"search_term_string"}}],"inLanguage":"es"},{"@type":"Organization","@id":"https:\/\/vapeopremium.com\/#organization","name":"VapeoPremium","url":"https:\/\/vapeopremium.com\/","logo":{"@type":"ImageObject","inLanguage":"es","@id":"https:\/\/vapeopremium.com\/#\/schema\/logo\/image\/","url":"https:\/\/vapeopremium.com\/wp-content\/uploads\/2025\/09\/cropped-vapeopremiumT.png","contentUrl":"https:\/\/vapeopremium.com\/wp-content\/uploads\/2025\/09\/cropped-vapeopremiumT.png","width":1046,"height":544,"caption":"VapeoPremium"},"image":{"@id":"https:\/\/vapeopremium.com\/#\/schema\/logo\/image\/"}}]}},"jetpack_sharing_enabled":true,"_links":{"self":[{"href":"https:\/\/vapeopremium.com\/index.php\/wp-json\/wp\/v2\/product\/4429","targetHints":{"allow":["GET"]}}],"collection":[{"href":"https:\/\/vapeopremium.com\/index.php\/wp-json\/wp\/v2\/product"}],"about":[{"href":"https:\/\/vapeopremium.com\/index.php\/wp-json\/wp\/v2\/types\/product"}],"version-history":[{"count":1,"href":"https:\/\/vapeopremium.com\/index.php\/wp-json\/wp\/v2\/product\/4429\/revisions"}],"predecessor-version":[{"id":4528,"href":"https:\/\/vapeopremium.com\/index.php\/wp-json\/wp\/v2\/product\/4429\/revisions\/4528"}],"wp:featuredmedia":[{"embeddable":true,"href":"https:\/\/vapeopremium.com\/index.php\/wp-json\/wp\/v2\/media\/4431"}],"wp:attachment":[{"href":"https:\/\/vapeopremium.com\/index.php\/wp-json\/wp\/v2\/media?parent=4429"}],"wp:term":[{"taxonomy":"product_brand","embeddable":true,"href":"https:\/\/vapeopremium.com\/index.php\/wp-json\/wp\/v2\/product_brand?post=4429"},{"taxonomy":"product_cat","embeddable":true,"href":"https:\/\/vapeopremium.com\/index.php\/wp-json\/wp\/v2\/product_cat?post=4429"},{"taxonomy":"product_tag","embeddable":true,"href":"https:\/\/vapeopremium.com\/index.php\/wp-json\/wp\/v2\/product_tag?post=4429"}],"curies":[{"name":"wp","href":"https:\/\/api.w.org\/{rel}","templated":true}]}}