{"id":4408,"date":"2025-07-05T15:07:17","date_gmt":"2025-07-05T15:07:17","guid":{"rendered":"https:\/\/vapeopremium.com\/?post_type=product&#038;p=4408"},"modified":"2025-10-22T13:59:52","modified_gmt":"2025-10-22T13:59:52","slug":"iplay-elite-12000","status":"publish","type":"product","link":"https:\/\/vapeopremium.com\/index.php\/producto\/iplay-elite-12000\/","title":{"rendered":"IPLAY ELITE 12000"},"content":{"rendered":"<h3>Descubre la sensaci\u00f3n de vape &#8211; c\u00e1psula de vape desechable iPlay Elite 12000<\/h3>\n<p align=\"justify\">Entra en el futuro de los vapers desechables con el IPLAY Elite 12000, reconocido como la estrella del negocio de vapeo del a\u00f1o.<br \/>\nDise\u00f1ado con un elegante cuerpo de aluminio completo, este dispositivo fusiona a la perfecci\u00f3n la creatividad y la imaginaci\u00f3n en una obra maestra \u00fanica. Disponible en cuatro vibrantes colores, cada uno de los cuales representa diferentes y deliciosos sabores, marca una nueva tendencia en el sector de los vapers desechables.<br \/>\nM\u00e1s que un simple dispositivo para vapear, promete una experiencia sensorial completa, transport\u00e1ndote a un estado de carnaval de vapeo. Eleva tu viaje de vapeo con la m\u00e1xima expresi\u00f3n de atractivo est\u00e9tico y funcionalidad que encarna el IPLAY Elite 12000.<\/p>\n<p><img fetchpriority=\"high\" decoding=\"async\" class=\"wp-image-4799 aligncenter\" src=\"https:\/\/vapeopremium.com\/wp-content\/uploads\/2025\/07\/9-1024x587.jpeg\" alt=\"\" width=\"735\" height=\"421\" srcset=\"https:\/\/vapeopremium.com\/wp-content\/uploads\/2025\/07\/9-1024x587.jpeg 1024w, https:\/\/vapeopremium.com\/wp-content\/uploads\/2025\/07\/9-300x172.jpeg 300w, https:\/\/vapeopremium.com\/wp-content\/uploads\/2025\/07\/9-768x440.jpeg 768w, https:\/\/vapeopremium.com\/wp-content\/uploads\/2025\/07\/9-1536x880.jpeg 1536w, https:\/\/vapeopremium.com\/wp-content\/uploads\/2025\/07\/9-2048x1173.jpeg 2048w, https:\/\/vapeopremium.com\/wp-content\/uploads\/2025\/07\/9-1320x756.jpeg 1320w\" sizes=\"(max-width: 735px) 100vw, 735px\" \/><\/p>\n<h2>Prep\u00e1rate para estar impresionado<\/h2>\n<p align=\"justify\">Descubre la perfecci\u00f3n en el vapeo con el IPLAY Elite 12000, un dispositivo que armoniza a la perfecci\u00f3n los par\u00e1metros cruciales para los vapeadores exigentes.<br \/>\nCon una impresionante capacidad de 12.000 caladas, este excepcional dispositivo se alimenta de un considerable dep\u00f3sito de e-l\u00edquido de 20 ml, asegurando una experiencia de vapeo duradera y satisfactoria. La bater\u00eda recargable de 500 mAh con puerto Tipo-C garantiza una potencia prolongada, mientras que caracter\u00edsticas como una resistencia de malla de 1.2$\\Omega$, un 5% de sal de nicotina y una pantalla de monitorizaci\u00f3n (para los niveles de e-l\u00edquido y bater\u00eda) elevan la experiencia del usuario. El IPLAY Elite 12000 se presenta como una soluci\u00f3n completa en el mundo del vapeo, con la fusi\u00f3n perfecta entre rendimiento y conveniencia.<\/p>\n<p><img decoding=\"async\" class=\"wp-image-4798 aligncenter\" src=\"https:\/\/vapeopremium.com\/wp-content\/uploads\/2025\/07\/10-1024x587.jpeg\" alt=\"\" width=\"735\" height=\"421\" srcset=\"https:\/\/vapeopremium.com\/wp-content\/uploads\/2025\/07\/10-1024x587.jpeg 1024w, https:\/\/vapeopremium.com\/wp-content\/uploads\/2025\/07\/10-300x172.jpeg 300w, https:\/\/vapeopremium.com\/wp-content\/uploads\/2025\/07\/10-768x440.jpeg 768w, https:\/\/vapeopremium.com\/wp-content\/uploads\/2025\/07\/10-1536x880.jpeg 1536w, https:\/\/vapeopremium.com\/wp-content\/uploads\/2025\/07\/10-2048x1173.jpeg 2048w, https:\/\/vapeopremium.com\/wp-content\/uploads\/2025\/07\/10-1320x756.jpeg 1320w\" sizes=\"(max-width: 735px) 100vw, 735px\" \/><\/p>\n<h2>Monitoriza tu Experiencia de Vapeo de un Solo Vistazo<\/h2>\n<p align=\"justify\">Emb\u00e1rcate en una experiencia de vapeo fluida e informada con tecnolog\u00eda de vanguardia dise\u00f1ada para mantenerte en control. El IPLAY Elite 12000, equipado con un sistema de monitorizaci\u00f3n intuitivo, te permite seguir todo tu trayecto de vapeo de un solo vistazo.<br \/>\nLa pantalla integrada muestra informaci\u00f3n crucial, incluyendo los niveles de e-l\u00edquido y el estado de la bater\u00eda, asegurando que te mantengas informado sin perder detalle. Di adi\u00f3s a las conjeturas o las interrupciones: simplemente mira la pantalla y tendr\u00e1s el control completo de tu aventura de vapeo.<br \/>\nEleva tu experiencia con la facilidad y la confianza que provienen de monitorizar tu experiencia de vapeo sin esfuerzo.<\/p>\n<p><img decoding=\"async\" class=\"wp-image-4797 aligncenter\" src=\"https:\/\/vapeopremium.com\/wp-content\/uploads\/2025\/07\/11-1024x587.jpeg\" alt=\"\" width=\"735\" height=\"421\" srcset=\"https:\/\/vapeopremium.com\/wp-content\/uploads\/2025\/07\/11-1024x587.jpeg 1024w, https:\/\/vapeopremium.com\/wp-content\/uploads\/2025\/07\/11-300x172.jpeg 300w, https:\/\/vapeopremium.com\/wp-content\/uploads\/2025\/07\/11-768x440.jpeg 768w, https:\/\/vapeopremium.com\/wp-content\/uploads\/2025\/07\/11-1536x880.jpeg 1536w, https:\/\/vapeopremium.com\/wp-content\/uploads\/2025\/07\/11-2048x1173.jpeg 2048w, https:\/\/vapeopremium.com\/wp-content\/uploads\/2025\/07\/11-1320x756.jpeg 1320w\" sizes=\"(max-width: 735px) 100vw, 735px\" \/><\/p>\n<h2>Sabores Excepcionales Esperan Conocerte<\/h2>\n<p align=\"justify\">Explora un amplio espectro de sabores tentadores presentados en un abanico de colores vibrantes. Sum\u00e9rgete en un mar de opciones que satisfacen tanto a tu paladar como a tus sentidos visuales. Cada tonalidad representa un sabor \u00fanico y delicioso esperando ser descubierto<\/p>\n<p align=\"justify\">\u2714<strong>Rosa de monta\u00f1a de nieve<\/strong>: Watermelon Rush, Ultimate Berry, Appletini, Strawmelon<\/p>\n<p align=\"justify\">\u2714<strong>Verde jade<\/strong>: Menta \u00e1rtica, uva fresa, uva kiwi, uva tropical<\/p>\n<p align=\"justify\">\u2714<strong>Plata lunaria<\/strong>: Peachy Berry, Delaware Punch, Tropical Gelato, Fruits Paradise<\/p>\n<p align=\"justify\">\u2714<strong>Gris espacial<\/strong>: Twist de pi\u00f1a, menta negra, coco de mango<\/p>\n<p><img loading=\"lazy\" decoding=\"async\" class=\"wp-image-4796 aligncenter\" src=\"https:\/\/vapeopremium.com\/wp-content\/uploads\/2025\/07\/12-894x1024.jpeg\" alt=\"\" width=\"735\" height=\"842\" srcset=\"https:\/\/vapeopremium.com\/wp-content\/uploads\/2025\/07\/12-894x1024.jpeg 894w, https:\/\/vapeopremium.com\/wp-content\/uploads\/2025\/07\/12-262x300.jpeg 262w, https:\/\/vapeopremium.com\/wp-content\/uploads\/2025\/07\/12-768x880.jpeg 768w, https:\/\/vapeopremium.com\/wp-content\/uploads\/2025\/07\/12-1341x1536.jpeg 1341w, https:\/\/vapeopremium.com\/wp-content\/uploads\/2025\/07\/12-1787x2048.jpeg 1787w, https:\/\/vapeopremium.com\/wp-content\/uploads\/2025\/07\/12-1320x1513.jpeg 1320w\" sizes=\"(max-width: 735px) 100vw, 735px\" \/><\/p>\n<h2>Del\u00e9itate en el Mar de E-l\u00edquido<\/h2>\n<p align=\"justify\">Sum\u00e9rgete en el mar ilimitado de e-l\u00edquido, donde cada gota encierra la promesa de una experiencia de vapeo \u00fanica y satisfactoria. Al igual que el flujo y reflujo de las mareas, saborea los diversos sabores que bailan en tu paladar.<br \/>\nYa sea que anheles la frescura revitalizante de las olas de mentol o el dulce abrazo de las corrientes afrutadas, este para\u00edso l\u00edquido se adapta a todos los gustos.<br \/>\nCon cada inhalaci\u00f3n, deja que las ricas corrientes de sabor envuelvan tus sentidos, creando un momento de deleite en el vasto y siempre creciente mar de posibilidades del e-l\u00edquido.<\/p>\n<p><img loading=\"lazy\" decoding=\"async\" class=\"wp-image-4795 aligncenter\" src=\"https:\/\/vapeopremium.com\/wp-content\/uploads\/2025\/07\/13-1024x587.jpeg\" alt=\"\" width=\"735\" height=\"421\" srcset=\"https:\/\/vapeopremium.com\/wp-content\/uploads\/2025\/07\/13-1024x587.jpeg 1024w, https:\/\/vapeopremium.com\/wp-content\/uploads\/2025\/07\/13-300x172.jpeg 300w, https:\/\/vapeopremium.com\/wp-content\/uploads\/2025\/07\/13-768x440.jpeg 768w, https:\/\/vapeopremium.com\/wp-content\/uploads\/2025\/07\/13-1536x880.jpeg 1536w, https:\/\/vapeopremium.com\/wp-content\/uploads\/2025\/07\/13-2048x1173.jpeg 2048w, https:\/\/vapeopremium.com\/wp-content\/uploads\/2025\/07\/13-1320x756.jpeg 1320w\" sizes=\"(max-width: 735px) 100vw, 735px\" \/><\/p>\n<h2>12.000 Caladas de M\u00e1xima Satisfacci\u00f3n<\/h2>\n<p align=\"justify\">Saborea el pin\u00e1culo de la satisfacci\u00f3n con unas impresionantes 12.000 caladas, que establecen el est\u00e1ndar para una experiencia de vapeo verdaderamente indulgente. Cada aspiraci\u00f3n desata una ola de sabor, creando un viaje continuo que supera todas las expectativas.<br \/>\nCon un dep\u00f3sito de 20 ml de e-l\u00edquido, el IPLAY Elite 12000 asegura una aventura duradera y llena de sabor. Eleva tu satisfacci\u00f3n de vapeo al m\u00e1ximo mientras disfrutas del placer prolongado que ofrecen las 12.000 caladas, convirtiendo cada inhalaci\u00f3n en un momento de puro deleite y plenitud.<\/p>\n<p><img loading=\"lazy\" decoding=\"async\" class=\"alignnone size-large wp-image-4794\" src=\"https:\/\/vapeopremium.com\/wp-content\/uploads\/2025\/07\/14-1024x587.jpeg\" alt=\"\" width=\"1024\" height=\"587\" srcset=\"https:\/\/vapeopremium.com\/wp-content\/uploads\/2025\/07\/14-1024x587.jpeg 1024w, https:\/\/vapeopremium.com\/wp-content\/uploads\/2025\/07\/14-300x172.jpeg 300w, https:\/\/vapeopremium.com\/wp-content\/uploads\/2025\/07\/14-768x440.jpeg 768w, https:\/\/vapeopremium.com\/wp-content\/uploads\/2025\/07\/14-1536x880.jpeg 1536w, https:\/\/vapeopremium.com\/wp-content\/uploads\/2025\/07\/14-2048x1173.jpeg 2048w, https:\/\/vapeopremium.com\/wp-content\/uploads\/2025\/07\/14-1320x756.jpeg 1320w\" sizes=\"(max-width: 1024px) 100vw, 1024px\" \/><\/p>\n<h2>Vapeo Continuo con una Recarga F\u00e1cil Tipo-C<\/h2>\n<p align=\"justify\">Experimenta el placer de vapear sin interrupciones gracias a la comodidad de una conexi\u00f3n Tipo-C de f\u00e1cil recarga.<br \/>\nEl puerto de carga simplificado garantiza un proceso de carga r\u00e1pido y fiable, lo que te permite encender tu dispositivo sin esfuerzo. Di adi\u00f3s a las interrupciones y disfruta de una satisfacci\u00f3n continua al recargar tu dispositivo con facilidad.<br \/>\nGracias a la sencillez del IPLAY Elite 12000, tu viaje de vapeo se mantiene fluido, asegurando que tu dispositivo est\u00e9 siempre listo para la pr\u00f3xima calada placentera.<\/p>\n<p><img loading=\"lazy\" decoding=\"async\" class=\"wp-image-4793 aligncenter\" src=\"https:\/\/vapeopremium.com\/wp-content\/uploads\/2025\/07\/15-1024x587.jpeg\" alt=\"\" width=\"735\" height=\"421\" srcset=\"https:\/\/vapeopremium.com\/wp-content\/uploads\/2025\/07\/15-1024x587.jpeg 1024w, https:\/\/vapeopremium.com\/wp-content\/uploads\/2025\/07\/15-300x172.jpeg 300w, https:\/\/vapeopremium.com\/wp-content\/uploads\/2025\/07\/15-768x440.jpeg 768w, https:\/\/vapeopremium.com\/wp-content\/uploads\/2025\/07\/15-1536x880.jpeg 1536w, https:\/\/vapeopremium.com\/wp-content\/uploads\/2025\/07\/15-2048x1173.jpeg 2048w, https:\/\/vapeopremium.com\/wp-content\/uploads\/2025\/07\/15-1320x756.jpeg 1320w\" sizes=\"(max-width: 735px) 100vw, 735px\" \/><\/p>\n<h2>Tu Mejor Socio en el Trabajo y en la Vida<\/h2>\n<p align=\"justify\">Descubre a tu compa\u00f1ero ideal para el trabajo y la vida: un dispositivo de vapeo fiable y vers\u00e1til que se integra perfectamente en cada aspecto de tu d\u00eda.<br \/>\nDesde las ajetreadas agendas laborales hasta los momentos de relajaci\u00f3n, el IPLAY Elite 12000 se alza como tu socio inquebrantable. Con su dise\u00f1o compacto y su rendimiento satisfactorio, se adapta sin esfuerzo a tu estilo de vida, asegurando que tengas un aliado de confianza a tu lado en cada situaci\u00f3n.<br \/>\nEleva tu experiencia de vapeo con un dispositivo que se convierte realmente en tu mejor socio, mejorando tanto tus d\u00edas de trabajo como tus momentos de ocio con la misma elegancia.<\/p>\n<p><img loading=\"lazy\" decoding=\"async\" class=\"wp-image-4792 aligncenter\" src=\"https:\/\/vapeopremium.com\/wp-content\/uploads\/2025\/07\/16-1024x587.jpeg\" alt=\"\" width=\"735\" height=\"421\" srcset=\"https:\/\/vapeopremium.com\/wp-content\/uploads\/2025\/07\/16-1024x587.jpeg 1024w, https:\/\/vapeopremium.com\/wp-content\/uploads\/2025\/07\/16-300x172.jpeg 300w, https:\/\/vapeopremium.com\/wp-content\/uploads\/2025\/07\/16-768x440.jpeg 768w, https:\/\/vapeopremium.com\/wp-content\/uploads\/2025\/07\/16-1536x880.jpeg 1536w, https:\/\/vapeopremium.com\/wp-content\/uploads\/2025\/07\/16-2048x1173.jpeg 2048w, https:\/\/vapeopremium.com\/wp-content\/uploads\/2025\/07\/16-1320x756.jpeg 1320w\" sizes=\"(max-width: 735px) 100vw, 735px\" \/><\/p>\n<p><strong>Paquete<\/strong><\/p>\n<p align=\"justify\">1*iPlay Elite 12000 desechable<br \/>\nCaja central: 10 piezas\/paquete<br \/>\nCantidad: 240 piezas\/cart\u00f3n<br \/>\nPeso: 20 kg\/cart\u00f3n<br \/>\nTama\u00f1o de cart\u00f3n: 44*28*31.5cm<br \/>\nCBM\/CTN: 0.04m\u1d9f<\/p>\n<p><img loading=\"lazy\" decoding=\"async\" class=\"wp-image-4800 aligncenter\" src=\"https:\/\/vapeopremium.com\/wp-content\/uploads\/2025\/07\/17-1024x587.jpeg\" alt=\"\" width=\"735\" height=\"421\" srcset=\"https:\/\/vapeopremium.com\/wp-content\/uploads\/2025\/07\/17-1024x587.jpeg 1024w, https:\/\/vapeopremium.com\/wp-content\/uploads\/2025\/07\/17-300x172.jpeg 300w, https:\/\/vapeopremium.com\/wp-content\/uploads\/2025\/07\/17-768x440.jpeg 768w, https:\/\/vapeopremium.com\/wp-content\/uploads\/2025\/07\/17-1536x881.jpeg 1536w, https:\/\/vapeopremium.com\/wp-content\/uploads\/2025\/07\/17-2048x1174.jpeg 2048w, https:\/\/vapeopremium.com\/wp-content\/uploads\/2025\/07\/17-1320x757.jpeg 1320w\" sizes=\"(max-width: 735px) 100vw, 735px\" \/><\/p>\n<p align=\"justify\"><strong>ADVERTENCIA<\/strong>: Este producto est\u00e1 destinado a usarse con productos de nicotina. Use de acuerdo con las instrucciones y aseg\u00farese de que el producto est\u00e9 fuera de su alcance para los ni\u00f1os.<\/p>\n","protected":false},"excerpt":{"rendered":"<p>Estrella del Vapeo del A\u00f1o 2024: el Pod Desechable IPLAY Elite de 12000 Caladas se presenta como un vapeador con estilo comercial. El Elite te ofrece una experiencia de vapeo m\u00e1s suave que nunca al inhalar, sentir y fumar. Su pantalla HD te permite controlar f\u00e1cilmente la bater\u00eda y el e-l\u00edquido. Con un acabado met\u00e1lico brillante, ofrece 4 estilos con 15 deliciosos sabores.<\/p>\n<ul>\n<li><em>Tama\u00f1o:<\/em>\u00a096,3 x 42,0 x 16,1 mm<\/li>\n<li><em>E-l\u00edquido:<\/em>\u00a020 ml<\/li>\n<li><em>Bocanadas:<\/em>\u00a012000<\/li>\n<li><em>Sal de nicotina:<\/em>\u00a05%<\/li>\n<li><em>Bater\u00eda:<\/em>\u00a0500 mAh<\/li>\n<li><em>Resistencia:<\/em>\u00a0Bobina de malla de 1,2 \u03a9<\/li>\n<li><em>Puerto de carga:<\/em>\u00a0Tipo-C<\/li>\n<li><em>Indicador:<\/em>\u00a0Pantalla de bater\u00eda y e-l\u00edquido<\/li>\n<\/ul>\n","protected":false},"featured_media":4782,"template":"","meta":{"_loi_post_transparent":"default","_loi_post_title":"","_loi_post_layout":"default","_loi_post_sidebar_id":"","_loi_post_content_style":"default","_loi_post_vertical_padding":"default","_loi_post_feature":"","_loi_post_feature_position":"","_loi_post_header":false,"_loi_post_footer":false},"product_brand":[],"product_cat":[27],"product_tag":[],"class_list":{"0":"post-4408","1":"product","2":"type-product","3":"status-publish","4":"has-post-thumbnail","6":"product_cat-vapers-expertos","8":"first","9":"instock","10":"shipping-taxable","11":"purchasable","12":"product-type-variable","13":"entry","14":"content-bg","15":"loop-entry"},"supplier_id":null,"supplier_sku":"","barcode":null,"atum_controlled":true,"out_stock_date":null,"out_stock_threshold":null,"inheritable":false,"inbound_stock":0,"stock_on_hold":0,"sold_today":0,"sales_last_days":0,"reserved_stock":0,"customer_returns":0,"warehouse_damage":0,"lost_in_post":0,"other_logs":0,"out_stock_days":0,"lost_sales":0,"has_location":false,"update_date":"2026-04-17T01:26:52","atum_locations":[],"atum_stock_status":"instock","restock_status":false,"low_stock_amount":"","sales_update_date":"2026-04-17T01:26:52","calc_backorders":null,"yoast_head":"<!-- This site is optimized with the Yoast SEO plugin v26.0 - https:\/\/yoast.com\/wordpress\/plugins\/seo\/ -->\n<title>IPLAY ELITE 12000 - VapeoPremium<\/title>\n<meta name=\"robots\" content=\"index, follow, max-snippet:-1, max-image-preview:large, max-video-preview:-1\" \/>\n<link rel=\"canonical\" href=\"https:\/\/vapeopremium.com\/index.php\/producto\/iplay-elite-12000\/\" \/>\n<meta property=\"og:locale\" content=\"es_ES\" \/>\n<meta property=\"og:type\" content=\"article\" \/>\n<meta property=\"og:title\" content=\"IPLAY ELITE 12000 - VapeoPremium\" \/>\n<meta property=\"og:description\" content=\"Estrella del Vapeo del A\u00f1o 2024: el Pod Desechable IPLAY Elite de 12000 Caladas se presenta como un vapeador con estilo comercial. El Elite te ofrece una experiencia de vapeo m\u00e1s suave que nunca al inhalar, sentir y fumar. Su pantalla HD te permite controlar f\u00e1cilmente la bater\u00eda y el e-l\u00edquido. Con un acabado met\u00e1lico brillante, ofrece 4 estilos con 15 deliciosos sabores.   Tama\u00f1o:\u00a096,3 x 42,0 x 16,1 mm  E-l\u00edquido:\u00a020 ml  Bocanadas:\u00a012000  Sal de nicotina:\u00a05%  Bater\u00eda:\u00a0500 mAh  Resistencia:\u00a0Bobina de malla de 1,2 \u03a9  Puerto de carga:\u00a0Tipo-C  Indicador:\u00a0Pantalla de bater\u00eda y e-l\u00edquido\" \/>\n<meta property=\"og:url\" content=\"https:\/\/vapeopremium.com\/index.php\/producto\/iplay-elite-12000\/\" \/>\n<meta property=\"og:site_name\" content=\"VapeoPremium\" \/>\n<meta property=\"article:modified_time\" content=\"2025-10-22T13:59:52+00:00\" \/>\n<meta property=\"og:image\" content=\"https:\/\/vapeopremium.com\/wp-content\/uploads\/2025\/07\/3-600x600-1.jpeg\" \/>\n\t<meta property=\"og:image:width\" content=\"600\" \/>\n\t<meta property=\"og:image:height\" content=\"600\" \/>\n\t<meta property=\"og:image:type\" content=\"image\/jpeg\" \/>\n<meta name=\"twitter:card\" content=\"summary_large_image\" \/>\n<meta name=\"twitter:label1\" content=\"Tiempo de lectura\" \/>\n\t<meta name=\"twitter:data1\" content=\"5 minutos\" \/>\n<script type=\"application\/ld+json\" class=\"yoast-schema-graph\">{\"@context\":\"https:\/\/schema.org\",\"@graph\":[{\"@type\":\"WebPage\",\"@id\":\"https:\/\/vapeopremium.com\/index.php\/producto\/iplay-elite-12000\/\",\"url\":\"https:\/\/vapeopremium.com\/index.php\/producto\/iplay-elite-12000\/\",\"name\":\"IPLAY ELITE 12000 - VapeoPremium\",\"isPartOf\":{\"@id\":\"https:\/\/vapeopremium.com\/#website\"},\"primaryImageOfPage\":{\"@id\":\"https:\/\/vapeopremium.com\/index.php\/producto\/iplay-elite-12000\/#primaryimage\"},\"image\":{\"@id\":\"https:\/\/vapeopremium.com\/index.php\/producto\/iplay-elite-12000\/#primaryimage\"},\"thumbnailUrl\":\"https:\/\/vapeopremium.com\/wp-content\/uploads\/2025\/07\/3-600x600-1.jpeg\",\"datePublished\":\"2025-07-05T15:07:17+00:00\",\"dateModified\":\"2025-10-22T13:59:52+00:00\",\"breadcrumb\":{\"@id\":\"https:\/\/vapeopremium.com\/index.php\/producto\/iplay-elite-12000\/#breadcrumb\"},\"inLanguage\":\"es\",\"potentialAction\":[{\"@type\":\"ReadAction\",\"target\":[\"https:\/\/vapeopremium.com\/index.php\/producto\/iplay-elite-12000\/\"]}]},{\"@type\":\"ImageObject\",\"inLanguage\":\"es\",\"@id\":\"https:\/\/vapeopremium.com\/index.php\/producto\/iplay-elite-12000\/#primaryimage\",\"url\":\"https:\/\/vapeopremium.com\/wp-content\/uploads\/2025\/07\/3-600x600-1.jpeg\",\"contentUrl\":\"https:\/\/vapeopremium.com\/wp-content\/uploads\/2025\/07\/3-600x600-1.jpeg\",\"width\":600,\"height\":600},{\"@type\":\"BreadcrumbList\",\"@id\":\"https:\/\/vapeopremium.com\/index.php\/producto\/iplay-elite-12000\/#breadcrumb\",\"itemListElement\":[{\"@type\":\"ListItem\",\"position\":1,\"name\":\"Portada\",\"item\":\"https:\/\/vapeopremium.com\/\"},{\"@type\":\"ListItem\",\"position\":2,\"name\":\"Tienda\",\"item\":\"https:\/\/vapeopremium.com\/index.php\/shop\/\"},{\"@type\":\"ListItem\",\"position\":3,\"name\":\"IPLAY ELITE 12000\"}]},{\"@type\":\"WebSite\",\"@id\":\"https:\/\/vapeopremium.com\/#website\",\"url\":\"https:\/\/vapeopremium.com\/\",\"name\":\"VapeoPremium\",\"description\":\"\",\"publisher\":{\"@id\":\"https:\/\/vapeopremium.com\/#organization\"},\"potentialAction\":[{\"@type\":\"SearchAction\",\"target\":{\"@type\":\"EntryPoint\",\"urlTemplate\":\"https:\/\/vapeopremium.com\/?s={search_term_string}\"},\"query-input\":{\"@type\":\"PropertyValueSpecification\",\"valueRequired\":true,\"valueName\":\"search_term_string\"}}],\"inLanguage\":\"es\"},{\"@type\":\"Organization\",\"@id\":\"https:\/\/vapeopremium.com\/#organization\",\"name\":\"VapeoPremium\",\"url\":\"https:\/\/vapeopremium.com\/\",\"logo\":{\"@type\":\"ImageObject\",\"inLanguage\":\"es\",\"@id\":\"https:\/\/vapeopremium.com\/#\/schema\/logo\/image\/\",\"url\":\"https:\/\/vapeopremium.com\/wp-content\/uploads\/2025\/09\/cropped-vapeopremiumT.png\",\"contentUrl\":\"https:\/\/vapeopremium.com\/wp-content\/uploads\/2025\/09\/cropped-vapeopremiumT.png\",\"width\":1046,\"height\":544,\"caption\":\"VapeoPremium\"},\"image\":{\"@id\":\"https:\/\/vapeopremium.com\/#\/schema\/logo\/image\/\"}}]}<\/script>\n<!-- \/ Yoast SEO plugin. -->","yoast_head_json":{"title":"IPLAY ELITE 12000 - VapeoPremium","robots":{"index":"index","follow":"follow","max-snippet":"max-snippet:-1","max-image-preview":"max-image-preview:large","max-video-preview":"max-video-preview:-1"},"canonical":"https:\/\/vapeopremium.com\/index.php\/producto\/iplay-elite-12000\/","og_locale":"es_ES","og_type":"article","og_title":"IPLAY ELITE 12000 - VapeoPremium","og_description":"Estrella del Vapeo del A\u00f1o 2024: el Pod Desechable IPLAY Elite de 12000 Caladas se presenta como un vapeador con estilo comercial. El Elite te ofrece una experiencia de vapeo m\u00e1s suave que nunca al inhalar, sentir y fumar. Su pantalla HD te permite controlar f\u00e1cilmente la bater\u00eda y el e-l\u00edquido. Con un acabado met\u00e1lico brillante, ofrece 4 estilos con 15 deliciosos sabores.   Tama\u00f1o:\u00a096,3 x 42,0 x 16,1 mm  E-l\u00edquido:\u00a020 ml  Bocanadas:\u00a012000  Sal de nicotina:\u00a05%  Bater\u00eda:\u00a0500 mAh  Resistencia:\u00a0Bobina de malla de 1,2 \u03a9  Puerto de carga:\u00a0Tipo-C  Indicador:\u00a0Pantalla de bater\u00eda y e-l\u00edquido","og_url":"https:\/\/vapeopremium.com\/index.php\/producto\/iplay-elite-12000\/","og_site_name":"VapeoPremium","article_modified_time":"2025-10-22T13:59:52+00:00","og_image":[{"width":600,"height":600,"url":"https:\/\/vapeopremium.com\/wp-content\/uploads\/2025\/07\/3-600x600-1.jpeg","type":"image\/jpeg"}],"twitter_card":"summary_large_image","twitter_misc":{"Tiempo de lectura":"5 minutos"},"schema":{"@context":"https:\/\/schema.org","@graph":[{"@type":"WebPage","@id":"https:\/\/vapeopremium.com\/index.php\/producto\/iplay-elite-12000\/","url":"https:\/\/vapeopremium.com\/index.php\/producto\/iplay-elite-12000\/","name":"IPLAY ELITE 12000 - VapeoPremium","isPartOf":{"@id":"https:\/\/vapeopremium.com\/#website"},"primaryImageOfPage":{"@id":"https:\/\/vapeopremium.com\/index.php\/producto\/iplay-elite-12000\/#primaryimage"},"image":{"@id":"https:\/\/vapeopremium.com\/index.php\/producto\/iplay-elite-12000\/#primaryimage"},"thumbnailUrl":"https:\/\/vapeopremium.com\/wp-content\/uploads\/2025\/07\/3-600x600-1.jpeg","datePublished":"2025-07-05T15:07:17+00:00","dateModified":"2025-10-22T13:59:52+00:00","breadcrumb":{"@id":"https:\/\/vapeopremium.com\/index.php\/producto\/iplay-elite-12000\/#breadcrumb"},"inLanguage":"es","potentialAction":[{"@type":"ReadAction","target":["https:\/\/vapeopremium.com\/index.php\/producto\/iplay-elite-12000\/"]}]},{"@type":"ImageObject","inLanguage":"es","@id":"https:\/\/vapeopremium.com\/index.php\/producto\/iplay-elite-12000\/#primaryimage","url":"https:\/\/vapeopremium.com\/wp-content\/uploads\/2025\/07\/3-600x600-1.jpeg","contentUrl":"https:\/\/vapeopremium.com\/wp-content\/uploads\/2025\/07\/3-600x600-1.jpeg","width":600,"height":600},{"@type":"BreadcrumbList","@id":"https:\/\/vapeopremium.com\/index.php\/producto\/iplay-elite-12000\/#breadcrumb","itemListElement":[{"@type":"ListItem","position":1,"name":"Portada","item":"https:\/\/vapeopremium.com\/"},{"@type":"ListItem","position":2,"name":"Tienda","item":"https:\/\/vapeopremium.com\/index.php\/shop\/"},{"@type":"ListItem","position":3,"name":"IPLAY ELITE 12000"}]},{"@type":"WebSite","@id":"https:\/\/vapeopremium.com\/#website","url":"https:\/\/vapeopremium.com\/","name":"VapeoPremium","description":"","publisher":{"@id":"https:\/\/vapeopremium.com\/#organization"},"potentialAction":[{"@type":"SearchAction","target":{"@type":"EntryPoint","urlTemplate":"https:\/\/vapeopremium.com\/?s={search_term_string}"},"query-input":{"@type":"PropertyValueSpecification","valueRequired":true,"valueName":"search_term_string"}}],"inLanguage":"es"},{"@type":"Organization","@id":"https:\/\/vapeopremium.com\/#organization","name":"VapeoPremium","url":"https:\/\/vapeopremium.com\/","logo":{"@type":"ImageObject","inLanguage":"es","@id":"https:\/\/vapeopremium.com\/#\/schema\/logo\/image\/","url":"https:\/\/vapeopremium.com\/wp-content\/uploads\/2025\/09\/cropped-vapeopremiumT.png","contentUrl":"https:\/\/vapeopremium.com\/wp-content\/uploads\/2025\/09\/cropped-vapeopremiumT.png","width":1046,"height":544,"caption":"VapeoPremium"},"image":{"@id":"https:\/\/vapeopremium.com\/#\/schema\/logo\/image\/"}}]}},"jetpack_sharing_enabled":true,"_links":{"self":[{"href":"https:\/\/vapeopremium.com\/index.php\/wp-json\/wp\/v2\/product\/4408","targetHints":{"allow":["GET"]}}],"collection":[{"href":"https:\/\/vapeopremium.com\/index.php\/wp-json\/wp\/v2\/product"}],"about":[{"href":"https:\/\/vapeopremium.com\/index.php\/wp-json\/wp\/v2\/types\/product"}],"version-history":[{"count":5,"href":"https:\/\/vapeopremium.com\/index.php\/wp-json\/wp\/v2\/product\/4408\/revisions"}],"predecessor-version":[{"id":4551,"href":"https:\/\/vapeopremium.com\/index.php\/wp-json\/wp\/v2\/product\/4408\/revisions\/4551"}],"wp:featuredmedia":[{"embeddable":true,"href":"https:\/\/vapeopremium.com\/index.php\/wp-json\/wp\/v2\/media\/4782"}],"wp:attachment":[{"href":"https:\/\/vapeopremium.com\/index.php\/wp-json\/wp\/v2\/media?parent=4408"}],"wp:term":[{"taxonomy":"product_brand","embeddable":true,"href":"https:\/\/vapeopremium.com\/index.php\/wp-json\/wp\/v2\/product_brand?post=4408"},{"taxonomy":"product_cat","embeddable":true,"href":"https:\/\/vapeopremium.com\/index.php\/wp-json\/wp\/v2\/product_cat?post=4408"},{"taxonomy":"product_tag","embeddable":true,"href":"https:\/\/vapeopremium.com\/index.php\/wp-json\/wp\/v2\/product_tag?post=4408"}],"curies":[{"name":"wp","href":"https:\/\/api.w.org\/{rel}","templated":true}]}}