{"id":4373,"date":"2025-06-13T11:08:19","date_gmt":"2025-06-13T11:08:19","guid":{"rendered":"https:\/\/vapeopremium.com\/?post_type=product&#038;p=4373"},"modified":"2025-10-22T13:54:36","modified_gmt":"2025-10-22T13:54:36","slug":"iplay-pirata-10000-20000","status":"publish","type":"product","link":"https:\/\/vapeopremium.com\/index.php\/producto\/iplay-pirata-10000-20000\/","title":{"rendered":"IPLAY Pirate 10000\/20000"},"content":{"rendered":"<h2>\u00a1Zarpa en una Aventura de Sabor!<\/h2>\n<p align=\"justify\">Presentamos nuestro revolucionario vaper desechable Pirate 10000\/20000, equipado con una pantalla lateral completa y Bobina de Malla Dual.<br \/>\nFabricado con aluminio de aleaci\u00f3n duradera, el Pirate 10000\/20000 garantiza una experiencia fiable y duradera. Con el dise\u00f1o personalizado de la serie Pirate, est\u00e1 creado para emocionar tu paladar y encender tu esp\u00edritu de vapeo.<\/p>\n<p><img fetchpriority=\"high\" decoding=\"async\" class=\"alignnone size-large wp-image-4745\" src=\"https:\/\/vapeopremium.com\/wp-content\/uploads\/2025\/06\/9-1024x587.webp\" alt=\"\" width=\"1024\" height=\"587\" srcset=\"https:\/\/vapeopremium.com\/wp-content\/uploads\/2025\/06\/9-1024x587.webp 1024w, https:\/\/vapeopremium.com\/wp-content\/uploads\/2025\/06\/9-300x172.webp 300w, https:\/\/vapeopremium.com\/wp-content\/uploads\/2025\/06\/9-768x440.webp 768w, https:\/\/vapeopremium.com\/wp-content\/uploads\/2025\/06\/9-1536x880.webp 1536w, https:\/\/vapeopremium.com\/wp-content\/uploads\/2025\/06\/9-2048x1173.webp 2048w, https:\/\/vapeopremium.com\/wp-content\/uploads\/2025\/06\/9-1320x756.webp 1320w\" sizes=\"(max-width: 1024px) 100vw, 1024px\" \/><\/p>\n<h2>Especificaciones<\/h2>\n<p><img decoding=\"async\" class=\"alignnone size-large wp-image-4753\" src=\"https:\/\/vapeopremium.com\/wp-content\/uploads\/2025\/06\/10-1024x587.webp\" alt=\"\" width=\"1024\" height=\"587\" srcset=\"https:\/\/vapeopremium.com\/wp-content\/uploads\/2025\/06\/10-1024x587.webp 1024w, https:\/\/vapeopremium.com\/wp-content\/uploads\/2025\/06\/10-300x172.webp 300w, https:\/\/vapeopremium.com\/wp-content\/uploads\/2025\/06\/10-768x440.webp 768w, https:\/\/vapeopremium.com\/wp-content\/uploads\/2025\/06\/10-1536x881.webp 1536w, https:\/\/vapeopremium.com\/wp-content\/uploads\/2025\/06\/10-2048x1174.webp 2048w, https:\/\/vapeopremium.com\/wp-content\/uploads\/2025\/06\/10-1320x757.webp 1320w\" sizes=\"(max-width: 1024px) 100vw, 1024px\" \/><\/p>\n<p>&nbsp;<\/p>\n<h2>Monitoriza tu Vapeo a tu Gusto<\/h2>\n<p align=\"justify\">Con una pantalla lateral completa, el iPlay Pirate est\u00e1 dise\u00f1ado para revolucionar tu experiencia de vapeo.<br \/>\nDi adi\u00f3s a las conjeturas y dale la bienvenida a la precisi\u00f3n con nuestro dispositivo avanzado, que proporciona actualizaciones en tiempo real sobre los niveles de e-l\u00edquido y la duraci\u00f3n de la bater\u00eda.<\/p>\n<p><img decoding=\"async\" class=\"aligncenter size-full wp-image-6106\" src=\"https:\/\/www.iplayvape.com\/uploads\/IPLAY-PIRATE-10000-20000-DISPOSABLE-VAPE-MONITORING-YOUR-VAPING-AT-EASE.jpg\" alt=\"IPlay Pirate 10000 20000 Vape desechable: monitoreo de su vapeo a gusto\" \/><\/p>\n<h2>Explora 10 Sabores Premium<\/h2>\n<p>El iPlay Pirate viene con una gama de sabores vibrantes: Pi\u00f1a Coco, Chicle de Burbujas Frutal, Menta Miami, Uva Aloe, Durazno Helado, T\u00e9 Helado, Pera Manzana, Mango Fresa, Sand\u00eda <i>Rush<\/i> (Carrera de Sand\u00eda) y Baya Negra.<\/p>\n<p>No importa tu preferencia, hay un sabor dise\u00f1ado para tentar a tu paladar. La concentraci\u00f3n de sal de nicotina es del 5%, y la personalizaci\u00f3n de la resistencia de la nicotina tambi\u00e9n est\u00e1 disponible.<\/p>\n<p align=\"justify\"><img decoding=\"async\" class=\"alignnone size-large wp-image-4750\" src=\"https:\/\/vapeopremium.com\/wp-content\/uploads\/2025\/06\/1-1-1024x587.webp\" alt=\"\" width=\"1024\" height=\"587\" srcset=\"https:\/\/vapeopremium.com\/wp-content\/uploads\/2025\/06\/1-1-1024x587.webp 1024w, https:\/\/vapeopremium.com\/wp-content\/uploads\/2025\/06\/1-1-300x172.webp 300w, https:\/\/vapeopremium.com\/wp-content\/uploads\/2025\/06\/1-1-768x440.webp 768w, https:\/\/vapeopremium.com\/wp-content\/uploads\/2025\/06\/1-1-1536x880.webp 1536w, https:\/\/vapeopremium.com\/wp-content\/uploads\/2025\/06\/1-1-2048x1173.webp 2048w, https:\/\/vapeopremium.com\/wp-content\/uploads\/2025\/06\/1-1-1320x756.webp 1320w\" sizes=\"(max-width: 1024px) 100vw, 1024px\" \/><\/p>\n<h2>Capacidad de 22 ml para Vapeo Ininterrumpido<\/h2>\n<p>El vaper desechable Pirate 10000\/20000 cuenta con una capacidad masiva de 22 ml de e-l\u00edquido, lo que te mantiene satisfecho por m\u00e1s tiempo. Experimenta un sabor incomparable y una producci\u00f3n de vapor superior con nuestra innovadora tecnolog\u00eda de Bobina de Malla Dual.<\/p>\n<p>Ofrece dos modos de vapeo para los usuarios:<\/p>\n<ul>\n<li>10.000 Caladas: La bobina de doble malla proporciona una experiencia de vapeo rica y sabrosa, ideal para quienes buscan una experiencia de nube masiva de principio a fin.<\/li>\n<li>20.000 Caladas: Cambia a la bobina de malla \u00fanica para una sesi\u00f3n de vapeo extendida y una experiencia sin interrupciones.<\/li>\n<\/ul>\n<p><img loading=\"lazy\" decoding=\"async\" class=\"alignnone size-large wp-image-4754\" src=\"https:\/\/vapeopremium.com\/wp-content\/uploads\/2025\/06\/11-1024x586.webp\" alt=\"\" width=\"1024\" height=\"586\" srcset=\"https:\/\/vapeopremium.com\/wp-content\/uploads\/2025\/06\/11-1024x586.webp 1024w, https:\/\/vapeopremium.com\/wp-content\/uploads\/2025\/06\/11-300x172.webp 300w, https:\/\/vapeopremium.com\/wp-content\/uploads\/2025\/06\/11-768x440.webp 768w, https:\/\/vapeopremium.com\/wp-content\/uploads\/2025\/06\/11-1536x879.webp 1536w, https:\/\/vapeopremium.com\/wp-content\/uploads\/2025\/06\/11-2048x1172.webp 2048w, https:\/\/vapeopremium.com\/wp-content\/uploads\/2025\/06\/11-1320x756.webp 1320w\" sizes=\"(max-width: 1024px) 100vw, 1024px\" \/><\/p>\n<p>BOBINA DE MALLA DUAL, DOBLE SABOR<\/p>\n<p>Cambia el modo de vapeo con facilidad simplemente pulsando un bot\u00f3n.<\/p>\n<p>Modo Regular: 8W<\/p>\n<ul>\n<li>Impulsado por Bobina de Malla \u00danica<\/li>\n<li>Vapeo suave e ideal para la comodidad sobre la marcha.<\/li>\n<\/ul>\n<p>Modo Impulso (Boost Mode): 16W<\/p>\n<ul>\n<li>Impulsado por Bobina de Malla Dual<\/li>\n<li>Nubes masivas y una calada m\u00e1s intensa.<\/li>\n<\/ul>\n<p><img loading=\"lazy\" decoding=\"async\" class=\"alignnone size-large wp-image-4755\" src=\"https:\/\/vapeopremium.com\/wp-content\/uploads\/2025\/06\/12-1024x587.webp\" alt=\"\" width=\"1024\" height=\"587\" srcset=\"https:\/\/vapeopremium.com\/wp-content\/uploads\/2025\/06\/12-1024x587.webp 1024w, https:\/\/vapeopremium.com\/wp-content\/uploads\/2025\/06\/12-300x172.webp 300w, https:\/\/vapeopremium.com\/wp-content\/uploads\/2025\/06\/12-768x440.webp 768w, https:\/\/vapeopremium.com\/wp-content\/uploads\/2025\/06\/12-1536x880.webp 1536w, https:\/\/vapeopremium.com\/wp-content\/uploads\/2025\/06\/12-2048x1173.webp 2048w, https:\/\/vapeopremium.com\/wp-content\/uploads\/2025\/06\/12-1320x756.webp 1320w\" sizes=\"(max-width: 1024px) 100vw, 1024px\" \/><br \/>\n<img loading=\"lazy\" decoding=\"async\" class=\"alignnone size-large wp-image-4756\" src=\"https:\/\/vapeopremium.com\/wp-content\/uploads\/2025\/06\/13-1024x587.webp\" alt=\"\" width=\"1024\" height=\"587\" srcset=\"https:\/\/vapeopremium.com\/wp-content\/uploads\/2025\/06\/13-1024x587.webp 1024w, https:\/\/vapeopremium.com\/wp-content\/uploads\/2025\/06\/13-300x172.webp 300w, https:\/\/vapeopremium.com\/wp-content\/uploads\/2025\/06\/13-768x440.webp 768w, https:\/\/vapeopremium.com\/wp-content\/uploads\/2025\/06\/13-1536x880.webp 1536w, https:\/\/vapeopremium.com\/wp-content\/uploads\/2025\/06\/13-2048x1173.webp 2048w, https:\/\/vapeopremium.com\/wp-content\/uploads\/2025\/06\/13-1320x756.webp 1320w\" sizes=\"(max-width: 1024px) 100vw, 1024px\" \/><\/p>\n<h2>Bater\u00eda Interna de 650 mAh y Carga R\u00e1pida<\/h2>\n<p><span class=\"citation-13\">Con una potente bater\u00eda interna de 650 mAh, el vaper desechable Pirate 10000\/20000 garantiza sesiones de vapeo de larga duraci\u00f3n sin la molestia de las recargas frecuentes. <\/span>Adopta el futuro del vapeo con la comodidad de la carga r\u00e1pida Tipo-C, que te proporciona un disfrute prolongado.<\/p>\n<p align=\"justify\"><img loading=\"lazy\" decoding=\"async\" class=\"alignnone size-large wp-image-4757\" src=\"https:\/\/vapeopremium.com\/wp-content\/uploads\/2025\/06\/14-1024x587.webp\" alt=\"\" width=\"1024\" height=\"587\" srcset=\"https:\/\/vapeopremium.com\/wp-content\/uploads\/2025\/06\/14-1024x587.webp 1024w, https:\/\/vapeopremium.com\/wp-content\/uploads\/2025\/06\/14-300x172.webp 300w, https:\/\/vapeopremium.com\/wp-content\/uploads\/2025\/06\/14-768x440.webp 768w, https:\/\/vapeopremium.com\/wp-content\/uploads\/2025\/06\/14-1536x880.webp 1536w, https:\/\/vapeopremium.com\/wp-content\/uploads\/2025\/06\/14-2048x1173.webp 2048w, https:\/\/vapeopremium.com\/wp-content\/uploads\/2025\/06\/14-1320x756.webp 1320w\" sizes=\"(max-width: 1024px) 100vw, 1024px\" \/><\/p>\n<h2>Paquete<\/h2>\n<p align=\"justify\">1*iPlay Pirate 10000\/12000 Desposable Pod<br \/>\nCaja central: 5pcs\/paquete<br \/>\nCantidad: 160 piezas\/cart\u00f3n<br \/>\nPeso: 19.5 kg\/cart\u00f3n<br \/>\nTama\u00f1o de cart\u00f3n: 45*33.5*25.6cm<br \/>\nCBM\/CTN: 0.04m\u1d9f<\/p>\n<p align=\"justify\"><img loading=\"lazy\" decoding=\"async\" class=\"alignnone size-large wp-image-4758\" src=\"https:\/\/vapeopremium.com\/wp-content\/uploads\/2025\/06\/20-1024x587.webp\" alt=\"\" width=\"1024\" height=\"587\" srcset=\"https:\/\/vapeopremium.com\/wp-content\/uploads\/2025\/06\/20-1024x587.webp 1024w, https:\/\/vapeopremium.com\/wp-content\/uploads\/2025\/06\/20-300x172.webp 300w, https:\/\/vapeopremium.com\/wp-content\/uploads\/2025\/06\/20-768x440.webp 768w, https:\/\/vapeopremium.com\/wp-content\/uploads\/2025\/06\/20-1536x880.webp 1536w, https:\/\/vapeopremium.com\/wp-content\/uploads\/2025\/06\/20-2048x1174.webp 2048w, https:\/\/vapeopremium.com\/wp-content\/uploads\/2025\/06\/20-1320x756.webp 1320w\" sizes=\"(max-width: 1024px) 100vw, 1024px\" \/><\/p>\n<h2>GALER\u00cdA<\/h2>\n<p align=\"justify\"><img loading=\"lazy\" decoding=\"async\" class=\"alignnone size-large wp-image-4752\" src=\"https:\/\/vapeopremium.com\/wp-content\/uploads\/2025\/06\/3-1-1024x533.webp\" alt=\"\" width=\"1024\" height=\"533\" srcset=\"https:\/\/vapeopremium.com\/wp-content\/uploads\/2025\/06\/3-1-1024x533.webp 1024w, https:\/\/vapeopremium.com\/wp-content\/uploads\/2025\/06\/3-1-300x156.webp 300w, https:\/\/vapeopremium.com\/wp-content\/uploads\/2025\/06\/3-1-768x400.webp 768w, https:\/\/vapeopremium.com\/wp-content\/uploads\/2025\/06\/3-1-1536x800.webp 1536w, https:\/\/vapeopremium.com\/wp-content\/uploads\/2025\/06\/3-1-2048x1067.webp 2048w, https:\/\/vapeopremium.com\/wp-content\/uploads\/2025\/06\/3-1-1320x688.webp 1320w\" sizes=\"(max-width: 1024px) 100vw, 1024px\" \/><\/p>\n<p align=\"justify\"><strong>ADVERTENCIA<\/strong>: Este producto est\u00e1 destinado a usarse con productos de nicotina. Use de acuerdo con las instrucciones y aseg\u00farese de que el producto est\u00e9 fuera de su alcance para los ni\u00f1os.<\/p>\n","protected":false},"excerpt":{"rendered":"<p align=\"justify\">\u00a1Descubre un mundo de sabor con el IPLAY Pirate 10000\/20000! Ofrece una impresionante capacidad de 22 ml de e-l\u00edquido, ofreciendo hasta 20\u00a0000 caladas en modo de resistencia de malla simple y 10\u00a0000 caladas en modo de resistencia de malla doble para una experiencia de vapeo inigualable. Fabricado con una aleaci\u00f3n de aluminio resistente para una sensaci\u00f3n premium, cuenta con una pantalla lateral completa para controlar f\u00e1cilmente el nivel de e-l\u00edquido y la duraci\u00f3n de la bater\u00eda. 10 sabores premium para encontrar tu tesoro pirata perfecto.<\/p>\n<ul>\n<li><em>Tama\u00f1o:<\/em>\u00a051,4 x 25 x 88,5 mm<\/li>\n<li><em>E-l\u00edquido:<\/em>\u00a022 ml<\/li>\n<li><em>Bocanadas:<\/em>\u00a010000\/20000 bocanadas<\/li>\n<li><em>Sal de nicotina:<\/em>\u00a05%<\/li>\n<li><em>Bater\u00eda:<\/em>\u00a0650 mAh<\/li>\n<li><em>Bobina:<\/em>\u00a0Bobina de malla doble de 1,2 \u03a9<\/li>\n<li><em>Puerto de carga:<\/em>\u00a0Tipo-C<\/li>\n<li><em>Pantalla:<\/em>\u00a0Pantalla lateral completa<\/li>\n<li><em>Puerto de carga:<\/em>\u00a0Tipo-C<\/li>\n<\/ul>\n","protected":false},"featured_media":4732,"template":"","meta":{"_loi_post_transparent":"default","_loi_post_title":"","_loi_post_layout":"default","_loi_post_sidebar_id":"","_loi_post_content_style":"default","_loi_post_vertical_padding":"default","_loi_post_feature":"","_loi_post_feature_position":"","_loi_post_header":false,"_loi_post_footer":false},"product_brand":[],"product_cat":[27],"product_tag":[],"class_list":{"0":"post-4373","1":"product","2":"type-product","3":"status-publish","4":"has-post-thumbnail","6":"product_cat-vapers-expertos","8":"first","9":"instock","10":"shipping-taxable","11":"purchasable","12":"product-type-variable","13":"entry","14":"content-bg","15":"loop-entry"},"supplier_id":null,"supplier_sku":"","barcode":null,"atum_controlled":true,"out_stock_date":null,"out_stock_threshold":null,"inheritable":false,"inbound_stock":0,"stock_on_hold":0,"sold_today":0,"sales_last_days":0,"reserved_stock":0,"customer_returns":0,"warehouse_damage":0,"lost_in_post":0,"other_logs":0,"out_stock_days":0,"lost_sales":0,"has_location":false,"update_date":"2026-04-17T01:26:52","atum_locations":[],"atum_stock_status":"instock","restock_status":false,"low_stock_amount":"","sales_update_date":"2026-04-17T01:26:52","calc_backorders":null,"yoast_head":"<!-- This site is optimized with the Yoast SEO plugin v26.0 - https:\/\/yoast.com\/wordpress\/plugins\/seo\/ -->\n<title>IPLAY Pirate 10000\/20000 - VapeoPremium<\/title>\n<meta name=\"robots\" content=\"index, follow, max-snippet:-1, max-image-preview:large, max-video-preview:-1\" \/>\n<link rel=\"canonical\" href=\"https:\/\/vapeopremium.com\/index.php\/producto\/iplay-pirata-10000-20000\/\" \/>\n<meta property=\"og:locale\" content=\"es_ES\" \/>\n<meta property=\"og:type\" content=\"article\" \/>\n<meta property=\"og:title\" content=\"IPLAY Pirate 10000\/20000 - VapeoPremium\" \/>\n<meta property=\"og:description\" content=\"\u00a1Descubre un mundo de sabor con el IPLAY Pirate 10000\/20000! Ofrece una impresionante capacidad de 22 ml de e-l\u00edquido, ofreciendo hasta 20\u00a0000 caladas en modo de resistencia de malla simple y 10\u00a0000 caladas en modo de resistencia de malla doble para una experiencia de vapeo inigualable. Fabricado con una aleaci\u00f3n de aluminio resistente para una sensaci\u00f3n premium, cuenta con una pantalla lateral completa para controlar f\u00e1cilmente el nivel de e-l\u00edquido y la duraci\u00f3n de la bater\u00eda. 10 sabores premium para encontrar tu tesoro pirata perfecto.    Tama\u00f1o:\u00a051,4 x 25 x 88,5 mm  E-l\u00edquido:\u00a022 ml  Bocanadas:\u00a010000\/20000 bocanadas  Sal de nicotina:\u00a05%  Bater\u00eda:\u00a0650 mAh  Bobina:\u00a0Bobina de malla doble de 1,2 \u03a9  Puerto de carga:\u00a0Tipo-C  Pantalla:\u00a0Pantalla lateral completa  Puerto de carga:\u00a0Tipo-C\" \/>\n<meta property=\"og:url\" content=\"https:\/\/vapeopremium.com\/index.php\/producto\/iplay-pirata-10000-20000\/\" \/>\n<meta property=\"og:site_name\" content=\"VapeoPremium\" \/>\n<meta property=\"article:modified_time\" content=\"2025-10-22T13:54:36+00:00\" \/>\n<meta property=\"og:image\" content=\"https:\/\/vapeopremium.com\/wp-content\/uploads\/2025\/06\/24-600x600-1.webp\" \/>\n\t<meta property=\"og:image:width\" content=\"600\" \/>\n\t<meta property=\"og:image:height\" content=\"600\" \/>\n\t<meta property=\"og:image:type\" content=\"image\/webp\" \/>\n<meta name=\"twitter:card\" content=\"summary_large_image\" \/>\n<meta name=\"twitter:label1\" content=\"Tiempo de lectura\" \/>\n\t<meta name=\"twitter:data1\" content=\"2 minutos\" \/>\n<script type=\"application\/ld+json\" class=\"yoast-schema-graph\">{\"@context\":\"https:\/\/schema.org\",\"@graph\":[{\"@type\":\"WebPage\",\"@id\":\"https:\/\/vapeopremium.com\/index.php\/producto\/iplay-pirata-10000-20000\/\",\"url\":\"https:\/\/vapeopremium.com\/index.php\/producto\/iplay-pirata-10000-20000\/\",\"name\":\"IPLAY Pirate 10000\/20000 - VapeoPremium\",\"isPartOf\":{\"@id\":\"https:\/\/vapeopremium.com\/#website\"},\"primaryImageOfPage\":{\"@id\":\"https:\/\/vapeopremium.com\/index.php\/producto\/iplay-pirata-10000-20000\/#primaryimage\"},\"image\":{\"@id\":\"https:\/\/vapeopremium.com\/index.php\/producto\/iplay-pirata-10000-20000\/#primaryimage\"},\"thumbnailUrl\":\"https:\/\/vapeopremium.com\/wp-content\/uploads\/2025\/06\/24-600x600-1.webp\",\"datePublished\":\"2025-06-13T11:08:19+00:00\",\"dateModified\":\"2025-10-22T13:54:36+00:00\",\"breadcrumb\":{\"@id\":\"https:\/\/vapeopremium.com\/index.php\/producto\/iplay-pirata-10000-20000\/#breadcrumb\"},\"inLanguage\":\"es\",\"potentialAction\":[{\"@type\":\"ReadAction\",\"target\":[\"https:\/\/vapeopremium.com\/index.php\/producto\/iplay-pirata-10000-20000\/\"]}]},{\"@type\":\"ImageObject\",\"inLanguage\":\"es\",\"@id\":\"https:\/\/vapeopremium.com\/index.php\/producto\/iplay-pirata-10000-20000\/#primaryimage\",\"url\":\"https:\/\/vapeopremium.com\/wp-content\/uploads\/2025\/06\/24-600x600-1.webp\",\"contentUrl\":\"https:\/\/vapeopremium.com\/wp-content\/uploads\/2025\/06\/24-600x600-1.webp\",\"width\":600,\"height\":600},{\"@type\":\"BreadcrumbList\",\"@id\":\"https:\/\/vapeopremium.com\/index.php\/producto\/iplay-pirata-10000-20000\/#breadcrumb\",\"itemListElement\":[{\"@type\":\"ListItem\",\"position\":1,\"name\":\"Portada\",\"item\":\"https:\/\/vapeopremium.com\/\"},{\"@type\":\"ListItem\",\"position\":2,\"name\":\"Tienda\",\"item\":\"https:\/\/vapeopremium.com\/index.php\/shop\/\"},{\"@type\":\"ListItem\",\"position\":3,\"name\":\"IPLAY Pirate 10000\/20000\"}]},{\"@type\":\"WebSite\",\"@id\":\"https:\/\/vapeopremium.com\/#website\",\"url\":\"https:\/\/vapeopremium.com\/\",\"name\":\"VapeoPremium\",\"description\":\"\",\"publisher\":{\"@id\":\"https:\/\/vapeopremium.com\/#organization\"},\"potentialAction\":[{\"@type\":\"SearchAction\",\"target\":{\"@type\":\"EntryPoint\",\"urlTemplate\":\"https:\/\/vapeopremium.com\/?s={search_term_string}\"},\"query-input\":{\"@type\":\"PropertyValueSpecification\",\"valueRequired\":true,\"valueName\":\"search_term_string\"}}],\"inLanguage\":\"es\"},{\"@type\":\"Organization\",\"@id\":\"https:\/\/vapeopremium.com\/#organization\",\"name\":\"VapeoPremium\",\"url\":\"https:\/\/vapeopremium.com\/\",\"logo\":{\"@type\":\"ImageObject\",\"inLanguage\":\"es\",\"@id\":\"https:\/\/vapeopremium.com\/#\/schema\/logo\/image\/\",\"url\":\"https:\/\/vapeopremium.com\/wp-content\/uploads\/2025\/09\/cropped-vapeopremiumT.png\",\"contentUrl\":\"https:\/\/vapeopremium.com\/wp-content\/uploads\/2025\/09\/cropped-vapeopremiumT.png\",\"width\":1046,\"height\":544,\"caption\":\"VapeoPremium\"},\"image\":{\"@id\":\"https:\/\/vapeopremium.com\/#\/schema\/logo\/image\/\"}}]}<\/script>\n<!-- \/ Yoast SEO plugin. -->","yoast_head_json":{"title":"IPLAY Pirate 10000\/20000 - VapeoPremium","robots":{"index":"index","follow":"follow","max-snippet":"max-snippet:-1","max-image-preview":"max-image-preview:large","max-video-preview":"max-video-preview:-1"},"canonical":"https:\/\/vapeopremium.com\/index.php\/producto\/iplay-pirata-10000-20000\/","og_locale":"es_ES","og_type":"article","og_title":"IPLAY Pirate 10000\/20000 - VapeoPremium","og_description":"\u00a1Descubre un mundo de sabor con el IPLAY Pirate 10000\/20000! Ofrece una impresionante capacidad de 22 ml de e-l\u00edquido, ofreciendo hasta 20\u00a0000 caladas en modo de resistencia de malla simple y 10\u00a0000 caladas en modo de resistencia de malla doble para una experiencia de vapeo inigualable. Fabricado con una aleaci\u00f3n de aluminio resistente para una sensaci\u00f3n premium, cuenta con una pantalla lateral completa para controlar f\u00e1cilmente el nivel de e-l\u00edquido y la duraci\u00f3n de la bater\u00eda. 10 sabores premium para encontrar tu tesoro pirata perfecto.    Tama\u00f1o:\u00a051,4 x 25 x 88,5 mm  E-l\u00edquido:\u00a022 ml  Bocanadas:\u00a010000\/20000 bocanadas  Sal de nicotina:\u00a05%  Bater\u00eda:\u00a0650 mAh  Bobina:\u00a0Bobina de malla doble de 1,2 \u03a9  Puerto de carga:\u00a0Tipo-C  Pantalla:\u00a0Pantalla lateral completa  Puerto de carga:\u00a0Tipo-C","og_url":"https:\/\/vapeopremium.com\/index.php\/producto\/iplay-pirata-10000-20000\/","og_site_name":"VapeoPremium","article_modified_time":"2025-10-22T13:54:36+00:00","og_image":[{"width":600,"height":600,"url":"https:\/\/vapeopremium.com\/wp-content\/uploads\/2025\/06\/24-600x600-1.webp","type":"image\/webp"}],"twitter_card":"summary_large_image","twitter_misc":{"Tiempo de lectura":"2 minutos"},"schema":{"@context":"https:\/\/schema.org","@graph":[{"@type":"WebPage","@id":"https:\/\/vapeopremium.com\/index.php\/producto\/iplay-pirata-10000-20000\/","url":"https:\/\/vapeopremium.com\/index.php\/producto\/iplay-pirata-10000-20000\/","name":"IPLAY Pirate 10000\/20000 - VapeoPremium","isPartOf":{"@id":"https:\/\/vapeopremium.com\/#website"},"primaryImageOfPage":{"@id":"https:\/\/vapeopremium.com\/index.php\/producto\/iplay-pirata-10000-20000\/#primaryimage"},"image":{"@id":"https:\/\/vapeopremium.com\/index.php\/producto\/iplay-pirata-10000-20000\/#primaryimage"},"thumbnailUrl":"https:\/\/vapeopremium.com\/wp-content\/uploads\/2025\/06\/24-600x600-1.webp","datePublished":"2025-06-13T11:08:19+00:00","dateModified":"2025-10-22T13:54:36+00:00","breadcrumb":{"@id":"https:\/\/vapeopremium.com\/index.php\/producto\/iplay-pirata-10000-20000\/#breadcrumb"},"inLanguage":"es","potentialAction":[{"@type":"ReadAction","target":["https:\/\/vapeopremium.com\/index.php\/producto\/iplay-pirata-10000-20000\/"]}]},{"@type":"ImageObject","inLanguage":"es","@id":"https:\/\/vapeopremium.com\/index.php\/producto\/iplay-pirata-10000-20000\/#primaryimage","url":"https:\/\/vapeopremium.com\/wp-content\/uploads\/2025\/06\/24-600x600-1.webp","contentUrl":"https:\/\/vapeopremium.com\/wp-content\/uploads\/2025\/06\/24-600x600-1.webp","width":600,"height":600},{"@type":"BreadcrumbList","@id":"https:\/\/vapeopremium.com\/index.php\/producto\/iplay-pirata-10000-20000\/#breadcrumb","itemListElement":[{"@type":"ListItem","position":1,"name":"Portada","item":"https:\/\/vapeopremium.com\/"},{"@type":"ListItem","position":2,"name":"Tienda","item":"https:\/\/vapeopremium.com\/index.php\/shop\/"},{"@type":"ListItem","position":3,"name":"IPLAY Pirate 10000\/20000"}]},{"@type":"WebSite","@id":"https:\/\/vapeopremium.com\/#website","url":"https:\/\/vapeopremium.com\/","name":"VapeoPremium","description":"","publisher":{"@id":"https:\/\/vapeopremium.com\/#organization"},"potentialAction":[{"@type":"SearchAction","target":{"@type":"EntryPoint","urlTemplate":"https:\/\/vapeopremium.com\/?s={search_term_string}"},"query-input":{"@type":"PropertyValueSpecification","valueRequired":true,"valueName":"search_term_string"}}],"inLanguage":"es"},{"@type":"Organization","@id":"https:\/\/vapeopremium.com\/#organization","name":"VapeoPremium","url":"https:\/\/vapeopremium.com\/","logo":{"@type":"ImageObject","inLanguage":"es","@id":"https:\/\/vapeopremium.com\/#\/schema\/logo\/image\/","url":"https:\/\/vapeopremium.com\/wp-content\/uploads\/2025\/09\/cropped-vapeopremiumT.png","contentUrl":"https:\/\/vapeopremium.com\/wp-content\/uploads\/2025\/09\/cropped-vapeopremiumT.png","width":1046,"height":544,"caption":"VapeoPremium"},"image":{"@id":"https:\/\/vapeopremium.com\/#\/schema\/logo\/image\/"}}]}},"jetpack_sharing_enabled":true,"_links":{"self":[{"href":"https:\/\/vapeopremium.com\/index.php\/wp-json\/wp\/v2\/product\/4373","targetHints":{"allow":["GET"]}}],"collection":[{"href":"https:\/\/vapeopremium.com\/index.php\/wp-json\/wp\/v2\/product"}],"about":[{"href":"https:\/\/vapeopremium.com\/index.php\/wp-json\/wp\/v2\/types\/product"}],"version-history":[{"count":3,"href":"https:\/\/vapeopremium.com\/index.php\/wp-json\/wp\/v2\/product\/4373\/revisions"}],"predecessor-version":[{"id":5055,"href":"https:\/\/vapeopremium.com\/index.php\/wp-json\/wp\/v2\/product\/4373\/revisions\/5055"}],"wp:featuredmedia":[{"embeddable":true,"href":"https:\/\/vapeopremium.com\/index.php\/wp-json\/wp\/v2\/media\/4732"}],"wp:attachment":[{"href":"https:\/\/vapeopremium.com\/index.php\/wp-json\/wp\/v2\/media?parent=4373"}],"wp:term":[{"taxonomy":"product_brand","embeddable":true,"href":"https:\/\/vapeopremium.com\/index.php\/wp-json\/wp\/v2\/product_brand?post=4373"},{"taxonomy":"product_cat","embeddable":true,"href":"https:\/\/vapeopremium.com\/index.php\/wp-json\/wp\/v2\/product_cat?post=4373"},{"taxonomy":"product_tag","embeddable":true,"href":"https:\/\/vapeopremium.com\/index.php\/wp-json\/wp\/v2\/product_tag?post=4373"}],"curies":[{"name":"wp","href":"https:\/\/api.w.org\/{rel}","templated":true}]}}