{"id":5096,"date":"2025-10-03T07:21:05","date_gmt":"2025-10-03T07:21:05","guid":{"rendered":"https:\/\/vapeopremium.com\/?page_id=5096"},"modified":"2025-10-03T07:21:06","modified_gmt":"2025-10-03T07:21:06","slug":"aviso-legal","status":"publish","type":"page","link":"https:\/\/vapeopremium.com\/index.php\/aviso-legal\/","title":{"rendered":"Aviso legal"},"content":{"rendered":"\n<p><\/p>\n\n\n\n<p>Este sitio web es propiedad de www.vapeopremium.com<\/p>\n\n\n\n<h2 class=\"wp-block-heading\">Datos de contacto<\/h2>\n\n\n\n<ul class=\"wp-block-list\">\n<li>Tel\u00e9fono: +34 613064311<\/li>\n\n\n\n<li>Email: pedidos@vapeopremium.com<\/li>\n\n\n\n<li>Web: www.vapeopremium.com<\/li>\n<\/ul>\n\n\n\n<h2 class=\"wp-block-heading\">Objeto<\/h2>\n\n\n\n<p>El presente aviso legal regula el uso del sitio web www.vapeopremium.com, incluyendo el acceso, navegaci\u00f3n y compra de productos ofrecidos a trav\u00e9s del mismo.<\/p>\n\n\n\n<h2 class=\"wp-block-heading\">Propiedad Intelectual e Industrial<\/h2>\n\n\n\n<p>Todos los contenidos del sitio web (textos, im\u00e1genes, logotipos, software, etc.) son propiedad de www.vapeopremium.com o cuentan con los derechos necesarios para su uso, y est\u00e1n protegidos por las leyes de propiedad intelectual e industrial.<\/p>\n\n\n\n<p>Queda prohibida su reproducci\u00f3n total o parcial sin autorizaci\u00f3n expresa.<\/p>\n\n\n\n<h2 class=\"wp-block-heading\">Responsabilidad<\/h2>\n\n\n\n<p>www.vapeopremium.com no se hace responsable del mal uso que los usuarios puedan hacer del contenido de este sitio web, ni de los da\u00f1os derivados de errores o interrupciones del servicio.<\/p>\n\n\n\n<h2 class=\"wp-block-heading\">Normativa y Jurisdicci\u00f3n<\/h2>\n\n\n\n<p>Las presentes condiciones se rigen por la legislaci\u00f3n espa\u00f1ola. Para cualquier controversia que pudiera derivarse del acceso o uso de este sitio web, las partes se someten a los juzgados y tribunales de Don Benito.<\/p>\n","protected":false},"excerpt":{"rendered":"<p>Este sitio web es propiedad de www.vapeopremium.com Datos de contacto Objeto El presente aviso legal regula el uso del sitio web www.vapeopremium.com, incluyendo el acceso, navegaci\u00f3n y compra de productos ofrecidos a trav\u00e9s del mismo. Propiedad Intelectual e Industrial Todos los contenidos del sitio web (textos, im\u00e1genes, logotipos, software, etc.) son propiedad de www.vapeopremium.com o&#8230;<\/p>\n","protected":false},"author":1,"featured_media":0,"parent":0,"menu_order":0,"comment_status":"closed","ping_status":"closed","template":"","meta":{"_loi_post_transparent":"","_loi_post_title":"","_loi_post_layout":"","_loi_post_sidebar_id":"","_loi_post_content_style":"","_loi_post_vertical_padding":"","_loi_post_feature":"","_loi_post_feature_position":"","_loi_post_header":false,"_loi_post_footer":false,"footnotes":""},"class_list":["post-5096","page","type-page","status-publish","hentry"],"yoast_head":"<!-- This site is optimized with the Yoast SEO plugin v26.0 - https:\/\/yoast.com\/wordpress\/plugins\/seo\/ -->\n<title>Aviso legal - VapeoPremium<\/title>\n<meta name=\"robots\" content=\"index, follow, max-snippet:-1, max-image-preview:large, max-video-preview:-1\" \/>\n<link rel=\"canonical\" href=\"https:\/\/vapeopremium.com\/index.php\/aviso-legal\/\" \/>\n<meta property=\"og:locale\" content=\"es_ES\" \/>\n<meta property=\"og:type\" content=\"article\" \/>\n<meta property=\"og:title\" content=\"Aviso legal - VapeoPremium\" \/>\n<meta property=\"og:description\" content=\"Este sitio web es propiedad de www.vapeopremium.com Datos de contacto Objeto El presente aviso legal regula el uso del sitio web www.vapeopremium.com, incluyendo el acceso, navegaci\u00f3n y compra de productos ofrecidos a trav\u00e9s del mismo. Propiedad Intelectual e Industrial Todos los contenidos del sitio web (textos, im\u00e1genes, logotipos, software, etc.) son propiedad de www.vapeopremium.com o...\" \/>\n<meta property=\"og:url\" content=\"https:\/\/vapeopremium.com\/index.php\/aviso-legal\/\" \/>\n<meta property=\"og:site_name\" content=\"VapeoPremium\" \/>\n<meta property=\"article:modified_time\" content=\"2025-10-03T07:21:06+00:00\" \/>\n<meta name=\"twitter:card\" content=\"summary_large_image\" \/>\n<meta name=\"twitter:label1\" content=\"Tiempo de lectura\" \/>\n\t<meta name=\"twitter:data1\" content=\"1 minuto\" \/>\n<script type=\"application\/ld+json\" class=\"yoast-schema-graph\">{\"@context\":\"https:\/\/schema.org\",\"@graph\":[{\"@type\":\"WebPage\",\"@id\":\"https:\/\/vapeopremium.com\/index.php\/aviso-legal\/\",\"url\":\"https:\/\/vapeopremium.com\/index.php\/aviso-legal\/\",\"name\":\"Aviso legal - VapeoPremium\",\"isPartOf\":{\"@id\":\"https:\/\/vapeopremium.com\/#website\"},\"datePublished\":\"2025-10-03T07:21:05+00:00\",\"dateModified\":\"2025-10-03T07:21:06+00:00\",\"breadcrumb\":{\"@id\":\"https:\/\/vapeopremium.com\/index.php\/aviso-legal\/#breadcrumb\"},\"inLanguage\":\"es\",\"potentialAction\":[{\"@type\":\"ReadAction\",\"target\":[\"https:\/\/vapeopremium.com\/index.php\/aviso-legal\/\"]}]},{\"@type\":\"BreadcrumbList\",\"@id\":\"https:\/\/vapeopremium.com\/index.php\/aviso-legal\/#breadcrumb\",\"itemListElement\":[{\"@type\":\"ListItem\",\"position\":1,\"name\":\"Portada\",\"item\":\"https:\/\/vapeopremium.com\/\"},{\"@type\":\"ListItem\",\"position\":2,\"name\":\"Aviso legal\"}]},{\"@type\":\"WebSite\",\"@id\":\"https:\/\/vapeopremium.com\/#website\",\"url\":\"https:\/\/vapeopremium.com\/\",\"name\":\"VapeoPremium\",\"description\":\"\",\"publisher\":{\"@id\":\"https:\/\/vapeopremium.com\/#organization\"},\"potentialAction\":[{\"@type\":\"SearchAction\",\"target\":{\"@type\":\"EntryPoint\",\"urlTemplate\":\"https:\/\/vapeopremium.com\/?s={search_term_string}\"},\"query-input\":{\"@type\":\"PropertyValueSpecification\",\"valueRequired\":true,\"valueName\":\"search_term_string\"}}],\"inLanguage\":\"es\"},{\"@type\":\"Organization\",\"@id\":\"https:\/\/vapeopremium.com\/#organization\",\"name\":\"VapeoPremium\",\"url\":\"https:\/\/vapeopremium.com\/\",\"logo\":{\"@type\":\"ImageObject\",\"inLanguage\":\"es\",\"@id\":\"https:\/\/vapeopremium.com\/#\/schema\/logo\/image\/\",\"url\":\"https:\/\/vapeopremium.com\/wp-content\/uploads\/2025\/09\/cropped-vapeopremiumT.png\",\"contentUrl\":\"https:\/\/vapeopremium.com\/wp-content\/uploads\/2025\/09\/cropped-vapeopremiumT.png\",\"width\":1046,\"height\":544,\"caption\":\"VapeoPremium\"},\"image\":{\"@id\":\"https:\/\/vapeopremium.com\/#\/schema\/logo\/image\/\"}}]}<\/script>\n<!-- \/ Yoast SEO plugin. -->","yoast_head_json":{"title":"Aviso legal - VapeoPremium","robots":{"index":"index","follow":"follow","max-snippet":"max-snippet:-1","max-image-preview":"max-image-preview:large","max-video-preview":"max-video-preview:-1"},"canonical":"https:\/\/vapeopremium.com\/index.php\/aviso-legal\/","og_locale":"es_ES","og_type":"article","og_title":"Aviso legal - VapeoPremium","og_description":"Este sitio web es propiedad de www.vapeopremium.com Datos de contacto Objeto El presente aviso legal regula el uso del sitio web www.vapeopremium.com, incluyendo el acceso, navegaci\u00f3n y compra de productos ofrecidos a trav\u00e9s del mismo. Propiedad Intelectual e Industrial Todos los contenidos del sitio web (textos, im\u00e1genes, logotipos, software, etc.) son propiedad de www.vapeopremium.com o...","og_url":"https:\/\/vapeopremium.com\/index.php\/aviso-legal\/","og_site_name":"VapeoPremium","article_modified_time":"2025-10-03T07:21:06+00:00","twitter_card":"summary_large_image","twitter_misc":{"Tiempo de lectura":"1 minuto"},"schema":{"@context":"https:\/\/schema.org","@graph":[{"@type":"WebPage","@id":"https:\/\/vapeopremium.com\/index.php\/aviso-legal\/","url":"https:\/\/vapeopremium.com\/index.php\/aviso-legal\/","name":"Aviso legal - VapeoPremium","isPartOf":{"@id":"https:\/\/vapeopremium.com\/#website"},"datePublished":"2025-10-03T07:21:05+00:00","dateModified":"2025-10-03T07:21:06+00:00","breadcrumb":{"@id":"https:\/\/vapeopremium.com\/index.php\/aviso-legal\/#breadcrumb"},"inLanguage":"es","potentialAction":[{"@type":"ReadAction","target":["https:\/\/vapeopremium.com\/index.php\/aviso-legal\/"]}]},{"@type":"BreadcrumbList","@id":"https:\/\/vapeopremium.com\/index.php\/aviso-legal\/#breadcrumb","itemListElement":[{"@type":"ListItem","position":1,"name":"Portada","item":"https:\/\/vapeopremium.com\/"},{"@type":"ListItem","position":2,"name":"Aviso legal"}]},{"@type":"WebSite","@id":"https:\/\/vapeopremium.com\/#website","url":"https:\/\/vapeopremium.com\/","name":"VapeoPremium","description":"","publisher":{"@id":"https:\/\/vapeopremium.com\/#organization"},"potentialAction":[{"@type":"SearchAction","target":{"@type":"EntryPoint","urlTemplate":"https:\/\/vapeopremium.com\/?s={search_term_string}"},"query-input":{"@type":"PropertyValueSpecification","valueRequired":true,"valueName":"search_term_string"}}],"inLanguage":"es"},{"@type":"Organization","@id":"https:\/\/vapeopremium.com\/#organization","name":"VapeoPremium","url":"https:\/\/vapeopremium.com\/","logo":{"@type":"ImageObject","inLanguage":"es","@id":"https:\/\/vapeopremium.com\/#\/schema\/logo\/image\/","url":"https:\/\/vapeopremium.com\/wp-content\/uploads\/2025\/09\/cropped-vapeopremiumT.png","contentUrl":"https:\/\/vapeopremium.com\/wp-content\/uploads\/2025\/09\/cropped-vapeopremiumT.png","width":1046,"height":544,"caption":"VapeoPremium"},"image":{"@id":"https:\/\/vapeopremium.com\/#\/schema\/logo\/image\/"}}]}},"jetpack_sharing_enabled":true,"_links":{"self":[{"href":"https:\/\/vapeopremium.com\/index.php\/wp-json\/wp\/v2\/pages\/5096","targetHints":{"allow":["GET"]}}],"collection":[{"href":"https:\/\/vapeopremium.com\/index.php\/wp-json\/wp\/v2\/pages"}],"about":[{"href":"https:\/\/vapeopremium.com\/index.php\/wp-json\/wp\/v2\/types\/page"}],"author":[{"embeddable":true,"href":"https:\/\/vapeopremium.com\/index.php\/wp-json\/wp\/v2\/users\/1"}],"replies":[{"embeddable":true,"href":"https:\/\/vapeopremium.com\/index.php\/wp-json\/wp\/v2\/comments?post=5096"}],"version-history":[{"count":1,"href":"https:\/\/vapeopremium.com\/index.php\/wp-json\/wp\/v2\/pages\/5096\/revisions"}],"predecessor-version":[{"id":5097,"href":"https:\/\/vapeopremium.com\/index.php\/wp-json\/wp\/v2\/pages\/5096\/revisions\/5097"}],"wp:attachment":[{"href":"https:\/\/vapeopremium.com\/index.php\/wp-json\/wp\/v2\/media?parent=5096"}],"curies":[{"name":"wp","href":"https:\/\/api.w.org\/{rel}","templated":true}]}}