{"id":4582,"date":"2025-08-27T14:41:03","date_gmt":"2025-08-27T14:41:03","guid":{"rendered":"https:\/\/vapeopremium.com\/?page_id=4582"},"modified":"2025-10-06T14:31:59","modified_gmt":"2025-10-06T14:31:59","slug":"mayorista","status":"publish","type":"page","link":"https:\/\/vapeopremium.com\/index.php\/mayorista\/","title":{"rendered":"Mayorista"},"content":{"rendered":"\t\t<div data-elementor-type=\"wp-page\" data-elementor-id=\"4582\" class=\"elementor elementor-4582\" data-elementor-post-type=\"page\">\n\t\t\t\t<div class=\"elementor-element elementor-element-1238235b e-flex e-con-boxed e-con e-parent\" data-id=\"1238235b\" data-element_type=\"container\">\n\t\t\t\t\t<div class=\"e-con-inner\">\n\t\t\t\t<div class=\"elementor-element elementor-element-64392b4b elementor-widget elementor-widget-text-editor\" data-id=\"64392b4b\" data-element_type=\"widget\" data-widget_type=\"text-editor.default\">\n\t\t\t\t<div class=\"elementor-widget-container\">\n\t\t\t\t\t\t\t\t\t<h2>Haz crecer tu negocio con nosotros<\/h2>\n<p>\u00bfTienes una tienda, distribuyes productos o est\u00e1s montando un negocio?<br data-start=\"398\" data-end=\"401\" \/>En VepeoPremium, te ofrecemos la posibilidad de acceder a <strong data-start=\"457\" data-end=\"495\">precios especiales para mayoristas<\/strong> y disfrutar de una colaboraci\u00f3n profesional, cercana y con beneficios exclusivos.<\/p>\n<h2>\u00bfQu\u00e9 te ofrecemos?<\/h2>\n<ul>\n<li data-start=\"611\" data-end=\"666\">\n<p data-start=\"613\" data-end=\"666\"><strong data-start=\"615\" data-end=\"641\">Descuentos por volumen<\/strong> desde el primer pedido<\/p>\n<\/li>\n<li data-start=\"667\" data-end=\"714\">\n<p data-start=\"669\" data-end=\"714\"><strong data-start=\"671\" data-end=\"712\">Cat\u00e1logo exclusivo para profesionales<\/strong><\/p>\n<\/li>\n<li data-start=\"715\" data-end=\"759\">\n<p data-start=\"717\" data-end=\"759\"><strong data-start=\"719\" data-end=\"757\">Stock garantizado y env\u00edos r\u00e1pidos<\/strong><\/p>\n<\/li>\n<li data-start=\"760\" data-end=\"818\">\n<p data-start=\"762\" data-end=\"818\"><strong data-start=\"764\" data-end=\"816\">Atenci\u00f3n personalizada y asesoramiento comercial<\/strong><\/p>\n<\/li>\n<li data-start=\"819\" data-end=\"877\">\n<p data-start=\"821\" data-end=\"877\"><strong>Acceso prioritario a nuevos lanzamientos y promociones<\/strong><\/p>\n<\/li>\n<\/ul>\n<h2>\u00bfA qui\u00e9n va dirigido?<\/h2>\n<ul>\n<li data-start=\"914\" data-end=\"942\">\n<p data-start=\"916\" data-end=\"942\">Tiendas f\u00edsicas o online<\/p>\n<\/li>\n<li data-start=\"943\" data-end=\"976\">\n<p data-start=\"945\" data-end=\"976\">Distribuidores o revendedores<\/p>\n<\/li>\n<li data-start=\"977\" data-end=\"1005\">\n<p data-start=\"979\" data-end=\"1005\">Negocios de dropshipping<\/p>\n<\/li>\n<li data-start=\"1006\" data-end=\"1078\">\n<p data-start=\"1008\" data-end=\"1078\">Profesionales del sector (gimnasios, centros de est\u00e9tica, salud, etc.)<\/p>\n<\/li>\n<\/ul>\n<h2>\u00bfC\u00f3mo empezar?<\/h2>\n<p>Para darte de alta como cliente mayorista, solo tienes que completar el siguiente formulario.<br data-start=\"1201\" data-end=\"1204\" \/>Una vez revisemos tus datos, te enviaremos el acceso a tu cuenta profesional con los precios mayoristas activados.<\/p>\n<p>\u00a0<\/p>\t\t\t\t\t\t\t\t<\/div>\n\t\t\t\t<\/div>\n\t\t\t\t\t<\/div>\n\t\t\t\t<\/div>\n\t\t<div class=\"elementor-element elementor-element-fe47e95 e-flex e-con-boxed e-con e-parent\" data-id=\"fe47e95\" data-element_type=\"container\">\n\t\t\t\t\t<div class=\"e-con-inner\">\n\t\t\t\t<div class=\"elementor-element elementor-element-1d57054 elementor-widget elementor-widget-wpforms\" data-id=\"1d57054\" data-element_type=\"widget\" data-widget_type=\"wpforms.default\">\n\t\t\t\t<div class=\"elementor-widget-container\">\n\t\t\t\t\t<style id=\"wpforms-css-vars-elementor-widget-1d57054\">\n\t\t\t\t.elementor-widget-wpforms.elementor-element-1d57054 {\n\t\t\t\t--wpforms-field-text-color: #000000;\n--wpforms-label-color: #28FFBF;\n--wpforms-label-sublabel-color: #FF00FF;\n--wpforms-button-background-color: #28FFBF;\n--wpforms-button-text-color: #000000;\n--wpforms-field-size-input-height: 43px;\n--wpforms-field-size-input-spacing: 15px;\n--wpforms-field-size-font-size: 16px;\n--wpforms-field-size-line-height: 19px;\n--wpforms-field-size-padding-h: 14px;\n--wpforms-field-size-checkbox-size: 16px;\n--wpforms-field-size-sublabel-spacing: 5px;\n--wpforms-field-size-icon-size: 1;\n--wpforms-label-size-font-size: 16px;\n--wpforms-label-size-line-height: 19px;\n--wpforms-label-size-sublabel-font-size: 14px;\n--wpforms-label-size-sublabel-line-height: 17px;\n--wpforms-button-size-font-size: 17px;\n--wpforms-button-size-height: 41px;\n--wpforms-button-size-padding-h: 15px;\n--wpforms-button-size-margin-top: 10px;\n\n\t\t\t}\n\t\t\t<\/style><div class=\"wpforms-container wpforms-container-full wpforms-render-modern\" id=\"wpforms-5146\"><form id=\"wpforms-form-5146\" class=\"wpforms-validate wpforms-form wpforms-ajax-form\" data-formid=\"5146\" method=\"post\" enctype=\"multipart\/form-data\" action=\"\/index.php\/wp-json\/wp\/v2\/pages\/4582\" data-token=\"43ea06931b411418e50e7e3fe2a2d152\" data-token-time=\"1776596255\"><noscript class=\"wpforms-error-noscript\">Por favor, activa JavaScript en tu navegador para completar este formulario.<\/noscript><div class=\"wpforms-hidden\" id=\"wpforms-error-noscript\">Por favor, activa JavaScript en tu navegador para completar este formulario.<\/div><div class=\"wpforms-field-container\"><div id=\"wpforms-5146-field_1-container\" class=\"wpforms-field wpforms-field-text\" data-field-id=\"1\"><label class=\"wpforms-field-label\" for=\"wpforms-5146-field_1\">Nombre completo <span class=\"wpforms-required-label\" aria-hidden=\"true\">*<\/span><\/label><input type=\"text\" id=\"wpforms-5146-field_1\" class=\"wpforms-field-medium wpforms-field-required\" name=\"wpforms[fields][1]\" aria-errormessage=\"wpforms-5146-field_1-error\" required><\/div><div id=\"wpforms-5146-field_3-container\" class=\"wpforms-field wpforms-field-email\" data-field-id=\"3\"><label class=\"wpforms-field-label\" for=\"wpforms-5146-field_3\">Correo electr\u00f3nico <span class=\"wpforms-required-label\" aria-hidden=\"true\">*<\/span><\/label><input type=\"email\" id=\"wpforms-5146-field_3\" class=\"wpforms-field-medium wpforms-field-required\" name=\"wpforms[fields][3]\" spellcheck=\"false\" aria-errormessage=\"wpforms-5146-field_3-error\" required><\/div><div id=\"wpforms-5146-field_2-container\" class=\"wpforms-field wpforms-field-text\" data-field-id=\"2\"><label class=\"wpforms-field-label\" for=\"wpforms-5146-field_2\">Tel\u00e9fono de contacto <span class=\"wpforms-required-label\" aria-hidden=\"true\">*<\/span><\/label><input type=\"text\" id=\"wpforms-5146-field_2\" class=\"wpforms-field-medium wpforms-field-required\" name=\"wpforms[fields][2]\" aria-errormessage=\"wpforms-5146-field_2-error\" required><\/div><div id=\"wpforms-5146-field_4-container\" class=\"wpforms-field wpforms-field-text\" data-field-id=\"4\"><label class=\"wpforms-field-label\" for=\"wpforms-5146-field_4\">Cargo en la empresa<\/label><input type=\"text\" id=\"wpforms-5146-field_4\" class=\"wpforms-field-medium\" name=\"wpforms[fields][4]\" aria-errormessage=\"wpforms-5146-field_4-error\" ><\/div><div id=\"wpforms-5146-field_5-container\" class=\"wpforms-field wpforms-field-text\" data-field-id=\"5\"><label class=\"wpforms-field-label\" for=\"wpforms-5146-field_5\">Nombre de la empresa\/tienda <span class=\"wpforms-required-label\" aria-hidden=\"true\">*<\/span><\/label><input type=\"text\" id=\"wpforms-5146-field_5\" class=\"wpforms-field-medium wpforms-field-required\" name=\"wpforms[fields][5]\" aria-errormessage=\"wpforms-5146-field_5-error\" required><\/div><div id=\"wpforms-5146-field_6-container\" class=\"wpforms-field wpforms-field-text\" data-field-id=\"6\"><label class=\"wpforms-field-label\" for=\"wpforms-5146-field_6\">CIF\/NIF\/RUC\/CUIT\/RFC <span class=\"wpforms-required-label\" aria-hidden=\"true\">*<\/span><\/label><input type=\"text\" id=\"wpforms-5146-field_6\" class=\"wpforms-field-medium wpforms-field-required\" name=\"wpforms[fields][6]\" aria-errormessage=\"wpforms-5146-field_6-error\" required><\/div><div id=\"wpforms-5146-field_7-container\" class=\"wpforms-field wpforms-field-text\" data-field-id=\"7\"><label class=\"wpforms-field-label\" for=\"wpforms-5146-field_7\">Direcci\u00f3n fiscal <span class=\"wpforms-required-label\" aria-hidden=\"true\">*<\/span><\/label><input type=\"text\" id=\"wpforms-5146-field_7\" class=\"wpforms-field-medium wpforms-field-required\" name=\"wpforms[fields][7]\" aria-errormessage=\"wpforms-5146-field_7-error\" required><\/div><div id=\"wpforms-5146-field_8-container\" class=\"wpforms-field wpforms-field-text\" data-field-id=\"8\"><label class=\"wpforms-field-label\" for=\"wpforms-5146-field_8\">Direcci\u00f3n de env\u00edo<\/label><input type=\"text\" id=\"wpforms-5146-field_8\" class=\"wpforms-field-medium\" name=\"wpforms[fields][8]\" aria-errormessage=\"wpforms-5146-field_8-error\" aria-describedby=\"wpforms-5146-field_8-description\" ><div id=\"wpforms-5146-field_8-description\" class=\"wpforms-field-description\">S\u00f3lo si es diferente a la direcci\u00f3n fiscal<\/div><\/div><div id=\"wpforms-5146-field_9-container\" class=\"wpforms-field wpforms-field-text\" data-field-id=\"9\"><label class=\"wpforms-field-label\" for=\"wpforms-5146-field_9\">Sitio web<\/label><input type=\"text\" id=\"wpforms-5146-field_9\" class=\"wpforms-field-medium\" name=\"wpforms[fields][9]\" aria-errormessage=\"wpforms-5146-field_9-error\" ><\/div><div id=\"wpforms-5146-field_11-container\" class=\"wpforms-field wpforms-field-payment-checkbox\" data-field-id=\"11\"><fieldset><legend class=\"wpforms-field-label\">\u00bfC\u00f3mo nos conociste?<\/legend><ul id=\"wpforms-5146-field_11\"><li class=\"choice-1\"><input type=\"checkbox\" id=\"wpforms-5146-field_11_1\" class=\"wpforms-payment-price\" data-amount=\"0.00\" name=\"wpforms[fields][11][]\" value=\"1\" aria-errormessage=\"wpforms-5146-field_11_1-error\"  ><label class=\"wpforms-field-label-inline\" for=\"wpforms-5146-field_11_1\">Google<\/label><\/li><li class=\"choice-2\"><input type=\"checkbox\" id=\"wpforms-5146-field_11_2\" class=\"wpforms-payment-price\" data-amount=\"0.00\" name=\"wpforms[fields][11][]\" value=\"2\" aria-errormessage=\"wpforms-5146-field_11_2-error\"  ><label class=\"wpforms-field-label-inline\" for=\"wpforms-5146-field_11_2\">Redes sociales<\/label><\/li><li class=\"choice-3\"><input type=\"checkbox\" id=\"wpforms-5146-field_11_3\" class=\"wpforms-payment-price\" data-amount=\"0.00\" name=\"wpforms[fields][11][]\" value=\"3\" aria-errormessage=\"wpforms-5146-field_11_3-error\"  ><label class=\"wpforms-field-label-inline\" for=\"wpforms-5146-field_11_3\">Referido<\/label><\/li><li class=\"choice-4\"><input type=\"checkbox\" id=\"wpforms-5146-field_11_4\" class=\"wpforms-payment-price\" data-amount=\"0.00\" name=\"wpforms[fields][11][]\" value=\"4\" aria-errormessage=\"wpforms-5146-field_11_4-error\"  ><label class=\"wpforms-field-label-inline\" for=\"wpforms-5146-field_11_4\">Otro<\/label><\/li><\/ul><\/fieldset><\/div><\/div><!-- .wpforms-field-container --><div class=\"wpforms-submit-container\" ><input type=\"hidden\" name=\"wpforms[id]\" value=\"5146\"><input type=\"hidden\" name=\"page_title\" value=\"\"><input type=\"hidden\" name=\"page_url\" value=\"https:\/\/vapeopremium.com\/index.php\/wp-json\/wp\/v2\/pages\/4582\"><input type=\"hidden\" name=\"url_referer\" value=\"\"><button type=\"submit\" name=\"wpforms[submit]\" id=\"wpforms-submit-5146\" class=\"wpforms-submit\" data-alt-text=\"Enviando...\" data-submit-text=\"Enviar\" aria-live=\"assertive\" value=\"wpforms-submit\">Enviar<\/button><img decoding=\"async\" src=\"https:\/\/vapeopremium.com\/wp-content\/plugins\/wpforms-lite\/assets\/images\/submit-spin.svg\" class=\"wpforms-submit-spinner\" style=\"display: none;\" width=\"26\" height=\"26\" alt=\"Cargando\"><\/div><\/form><\/div>  <!-- .wpforms-container -->\t\t\t\t<\/div>\n\t\t\t\t<\/div>\n\t\t<div class=\"elementor-element elementor-element-d58003d e-con-full e-flex e-con e-child\" data-id=\"d58003d\" data-element_type=\"container\">\n\t\t\t\t<div class=\"elementor-element elementor-element-a3e2417 elementor-widget elementor-widget-text-editor\" data-id=\"a3e2417\" data-element_type=\"widget\" data-widget_type=\"text-editor.default\">\n\t\t\t\t<div class=\"elementor-widget-container\">\n\t\t\t\t\t\t\t\t\t<h2>\u00bfTienes dudas?<\/h2>\n<p>Si necesitas m\u00e1s informaci\u00f3n o quieres hablar con nosotros directamente, escr\u00edbenos a pedidos@vapeopremium.com o ll\u00e1manos al +34 613064311<\/p>\n<h2>Empieza a vender m\u00e1s, con las mejores condiciones<\/h2>\n<p>En VapeoPremium, trabajamos contigo para que tu negocio crezca.<\/p>\n<h2>Nota legal<\/h2>\n<p>La venta mayorista est\u00e1 sujeta a validaci\u00f3n de los datos fiscales. Nos reservamos el derecho a aceptar o rechazar solicitudes seg\u00fan criterios comerciales.<\/p>\n<p>\u00a0<\/p>\t\t\t\t\t\t\t\t<\/div>\n\t\t\t\t<\/div>\n\t\t\t\t<\/div>\n\t\t\t\t\t<\/div>\n\t\t\t\t<\/div>\n\t\t\t\t<\/div>\n\t\t","protected":false},"excerpt":{"rendered":"<p>Haz crecer tu negocio con nosotros \u00bfTienes una tienda, distribuyes productos o est\u00e1s montando un negocio?En VepeoPremium, te ofrecemos la posibilidad de acceder a precios especiales para mayoristas y disfrutar de una colaboraci\u00f3n profesional, cercana y con beneficios exclusivos. \u00bfQu\u00e9 te ofrecemos? Descuentos por volumen desde el primer pedido Cat\u00e1logo exclusivo para profesionales Stock garantizado&#8230;<\/p>\n","protected":false},"author":1,"featured_media":0,"parent":0,"menu_order":0,"comment_status":"closed","ping_status":"closed","template":"","meta":{"_loi_post_transparent":"","_loi_post_title":"","_loi_post_layout":"","_loi_post_sidebar_id":"","_loi_post_content_style":"","_loi_post_vertical_padding":"","_loi_post_feature":"","_loi_post_feature_position":"","_loi_post_header":false,"_loi_post_footer":false,"footnotes":""},"class_list":["post-4582","page","type-page","status-publish","hentry"],"yoast_head":"<!-- This site is optimized with the Yoast SEO plugin v26.0 - https:\/\/yoast.com\/wordpress\/plugins\/seo\/ -->\n<title>Mayorista - VapeoPremium<\/title>\n<meta name=\"robots\" content=\"index, follow, max-snippet:-1, max-image-preview:large, max-video-preview:-1\" \/>\n<link rel=\"canonical\" href=\"https:\/\/vapeopremium.com\/index.php\/mayorista\/\" \/>\n<meta property=\"og:locale\" content=\"es_ES\" \/>\n<meta property=\"og:type\" content=\"article\" \/>\n<meta property=\"og:title\" content=\"Mayorista - VapeoPremium\" \/>\n<meta property=\"og:description\" content=\"Haz crecer tu negocio con nosotros \u00bfTienes una tienda, distribuyes productos o est\u00e1s montando un negocio?En VepeoPremium, te ofrecemos la posibilidad de acceder a precios especiales para mayoristas y disfrutar de una colaboraci\u00f3n profesional, cercana y con beneficios exclusivos. \u00bfQu\u00e9 te ofrecemos? Descuentos por volumen desde el primer pedido Cat\u00e1logo exclusivo para profesionales Stock garantizado...\" \/>\n<meta property=\"og:url\" content=\"https:\/\/vapeopremium.com\/index.php\/mayorista\/\" \/>\n<meta property=\"og:site_name\" content=\"VapeoPremium\" \/>\n<meta property=\"article:modified_time\" content=\"2025-10-06T14:31:59+00:00\" \/>\n<meta property=\"og:image\" content=\"https:\/\/vapeopremium.com\/wp-content\/plugins\/wpforms-lite\/assets\/images\/submit-spin.svg\" \/>\n<meta name=\"twitter:card\" content=\"summary_large_image\" \/>\n<meta name=\"twitter:label1\" content=\"Tiempo de lectura\" \/>\n\t<meta name=\"twitter:data1\" content=\"1 minuto\" \/>\n<script type=\"application\/ld+json\" class=\"yoast-schema-graph\">{\"@context\":\"https:\/\/schema.org\",\"@graph\":[{\"@type\":\"WebPage\",\"@id\":\"https:\/\/vapeopremium.com\/index.php\/mayorista\/\",\"url\":\"https:\/\/vapeopremium.com\/index.php\/mayorista\/\",\"name\":\"Mayorista - VapeoPremium\",\"isPartOf\":{\"@id\":\"https:\/\/vapeopremium.com\/#website\"},\"primaryImageOfPage\":{\"@id\":\"https:\/\/vapeopremium.com\/index.php\/mayorista\/#primaryimage\"},\"image\":{\"@id\":\"https:\/\/vapeopremium.com\/index.php\/mayorista\/#primaryimage\"},\"thumbnailUrl\":\"https:\/\/vapeopremium.com\/wp-content\/plugins\/wpforms-lite\/assets\/images\/submit-spin.svg\",\"datePublished\":\"2025-08-27T14:41:03+00:00\",\"dateModified\":\"2025-10-06T14:31:59+00:00\",\"breadcrumb\":{\"@id\":\"https:\/\/vapeopremium.com\/index.php\/mayorista\/#breadcrumb\"},\"inLanguage\":\"es\",\"potentialAction\":[{\"@type\":\"ReadAction\",\"target\":[\"https:\/\/vapeopremium.com\/index.php\/mayorista\/\"]}]},{\"@type\":\"ImageObject\",\"inLanguage\":\"es\",\"@id\":\"https:\/\/vapeopremium.com\/index.php\/mayorista\/#primaryimage\",\"url\":\"https:\/\/vapeopremium.com\/wp-content\/plugins\/wpforms-lite\/assets\/images\/submit-spin.svg\",\"contentUrl\":\"https:\/\/vapeopremium.com\/wp-content\/plugins\/wpforms-lite\/assets\/images\/submit-spin.svg\"},{\"@type\":\"BreadcrumbList\",\"@id\":\"https:\/\/vapeopremium.com\/index.php\/mayorista\/#breadcrumb\",\"itemListElement\":[{\"@type\":\"ListItem\",\"position\":1,\"name\":\"Portada\",\"item\":\"https:\/\/vapeopremium.com\/\"},{\"@type\":\"ListItem\",\"position\":2,\"name\":\"Mayorista\"}]},{\"@type\":\"WebSite\",\"@id\":\"https:\/\/vapeopremium.com\/#website\",\"url\":\"https:\/\/vapeopremium.com\/\",\"name\":\"VapeoPremium\",\"description\":\"\",\"publisher\":{\"@id\":\"https:\/\/vapeopremium.com\/#organization\"},\"potentialAction\":[{\"@type\":\"SearchAction\",\"target\":{\"@type\":\"EntryPoint\",\"urlTemplate\":\"https:\/\/vapeopremium.com\/?s={search_term_string}\"},\"query-input\":{\"@type\":\"PropertyValueSpecification\",\"valueRequired\":true,\"valueName\":\"search_term_string\"}}],\"inLanguage\":\"es\"},{\"@type\":\"Organization\",\"@id\":\"https:\/\/vapeopremium.com\/#organization\",\"name\":\"VapeoPremium\",\"url\":\"https:\/\/vapeopremium.com\/\",\"logo\":{\"@type\":\"ImageObject\",\"inLanguage\":\"es\",\"@id\":\"https:\/\/vapeopremium.com\/#\/schema\/logo\/image\/\",\"url\":\"https:\/\/vapeopremium.com\/wp-content\/uploads\/2025\/09\/cropped-vapeopremiumT.png\",\"contentUrl\":\"https:\/\/vapeopremium.com\/wp-content\/uploads\/2025\/09\/cropped-vapeopremiumT.png\",\"width\":1046,\"height\":544,\"caption\":\"VapeoPremium\"},\"image\":{\"@id\":\"https:\/\/vapeopremium.com\/#\/schema\/logo\/image\/\"}}]}<\/script>\n<!-- \/ Yoast SEO plugin. -->","yoast_head_json":{"title":"Mayorista - VapeoPremium","robots":{"index":"index","follow":"follow","max-snippet":"max-snippet:-1","max-image-preview":"max-image-preview:large","max-video-preview":"max-video-preview:-1"},"canonical":"https:\/\/vapeopremium.com\/index.php\/mayorista\/","og_locale":"es_ES","og_type":"article","og_title":"Mayorista - VapeoPremium","og_description":"Haz crecer tu negocio con nosotros \u00bfTienes una tienda, distribuyes productos o est\u00e1s montando un negocio?En VepeoPremium, te ofrecemos la posibilidad de acceder a precios especiales para mayoristas y disfrutar de una colaboraci\u00f3n profesional, cercana y con beneficios exclusivos. \u00bfQu\u00e9 te ofrecemos? Descuentos por volumen desde el primer pedido Cat\u00e1logo exclusivo para profesionales Stock garantizado...","og_url":"https:\/\/vapeopremium.com\/index.php\/mayorista\/","og_site_name":"VapeoPremium","article_modified_time":"2025-10-06T14:31:59+00:00","og_image":[{"url":"https:\/\/vapeopremium.com\/wp-content\/plugins\/wpforms-lite\/assets\/images\/submit-spin.svg","type":"","width":"","height":""}],"twitter_card":"summary_large_image","twitter_misc":{"Tiempo de lectura":"1 minuto"},"schema":{"@context":"https:\/\/schema.org","@graph":[{"@type":"WebPage","@id":"https:\/\/vapeopremium.com\/index.php\/mayorista\/","url":"https:\/\/vapeopremium.com\/index.php\/mayorista\/","name":"Mayorista - VapeoPremium","isPartOf":{"@id":"https:\/\/vapeopremium.com\/#website"},"primaryImageOfPage":{"@id":"https:\/\/vapeopremium.com\/index.php\/mayorista\/#primaryimage"},"image":{"@id":"https:\/\/vapeopremium.com\/index.php\/mayorista\/#primaryimage"},"thumbnailUrl":"https:\/\/vapeopremium.com\/wp-content\/plugins\/wpforms-lite\/assets\/images\/submit-spin.svg","datePublished":"2025-08-27T14:41:03+00:00","dateModified":"2025-10-06T14:31:59+00:00","breadcrumb":{"@id":"https:\/\/vapeopremium.com\/index.php\/mayorista\/#breadcrumb"},"inLanguage":"es","potentialAction":[{"@type":"ReadAction","target":["https:\/\/vapeopremium.com\/index.php\/mayorista\/"]}]},{"@type":"ImageObject","inLanguage":"es","@id":"https:\/\/vapeopremium.com\/index.php\/mayorista\/#primaryimage","url":"https:\/\/vapeopremium.com\/wp-content\/plugins\/wpforms-lite\/assets\/images\/submit-spin.svg","contentUrl":"https:\/\/vapeopremium.com\/wp-content\/plugins\/wpforms-lite\/assets\/images\/submit-spin.svg"},{"@type":"BreadcrumbList","@id":"https:\/\/vapeopremium.com\/index.php\/mayorista\/#breadcrumb","itemListElement":[{"@type":"ListItem","position":1,"name":"Portada","item":"https:\/\/vapeopremium.com\/"},{"@type":"ListItem","position":2,"name":"Mayorista"}]},{"@type":"WebSite","@id":"https:\/\/vapeopremium.com\/#website","url":"https:\/\/vapeopremium.com\/","name":"VapeoPremium","description":"","publisher":{"@id":"https:\/\/vapeopremium.com\/#organization"},"potentialAction":[{"@type":"SearchAction","target":{"@type":"EntryPoint","urlTemplate":"https:\/\/vapeopremium.com\/?s={search_term_string}"},"query-input":{"@type":"PropertyValueSpecification","valueRequired":true,"valueName":"search_term_string"}}],"inLanguage":"es"},{"@type":"Organization","@id":"https:\/\/vapeopremium.com\/#organization","name":"VapeoPremium","url":"https:\/\/vapeopremium.com\/","logo":{"@type":"ImageObject","inLanguage":"es","@id":"https:\/\/vapeopremium.com\/#\/schema\/logo\/image\/","url":"https:\/\/vapeopremium.com\/wp-content\/uploads\/2025\/09\/cropped-vapeopremiumT.png","contentUrl":"https:\/\/vapeopremium.com\/wp-content\/uploads\/2025\/09\/cropped-vapeopremiumT.png","width":1046,"height":544,"caption":"VapeoPremium"},"image":{"@id":"https:\/\/vapeopremium.com\/#\/schema\/logo\/image\/"}}]}},"jetpack_sharing_enabled":true,"_links":{"self":[{"href":"https:\/\/vapeopremium.com\/index.php\/wp-json\/wp\/v2\/pages\/4582","targetHints":{"allow":["GET"]}}],"collection":[{"href":"https:\/\/vapeopremium.com\/index.php\/wp-json\/wp\/v2\/pages"}],"about":[{"href":"https:\/\/vapeopremium.com\/index.php\/wp-json\/wp\/v2\/types\/page"}],"author":[{"embeddable":true,"href":"https:\/\/vapeopremium.com\/index.php\/wp-json\/wp\/v2\/users\/1"}],"replies":[{"embeddable":true,"href":"https:\/\/vapeopremium.com\/index.php\/wp-json\/wp\/v2\/comments?post=4582"}],"version-history":[{"count":8,"href":"https:\/\/vapeopremium.com\/index.php\/wp-json\/wp\/v2\/pages\/4582\/revisions"}],"predecessor-version":[{"id":5153,"href":"https:\/\/vapeopremium.com\/index.php\/wp-json\/wp\/v2\/pages\/4582\/revisions\/5153"}],"wp:attachment":[{"href":"https:\/\/vapeopremium.com\/index.php\/wp-json\/wp\/v2\/media?parent=4582"}],"curies":[{"name":"wp","href":"https:\/\/api.w.org\/{rel}","templated":true}]}}